{"id":4561,"date":"2021-11-05T09:18:34","date_gmt":"2021-11-05T07:18:34","guid":{"rendered":"https:\/\/estorilboavista.com\/suche\/"},"modified":"2022-12-02T20:33:59","modified_gmt":"2022-12-02T18:33:59","slug":"suche","status":"publish","type":"page","link":"https:\/\/estorilboavista.com\/de\/suche\/","title":{"rendered":"Suche"},"content":{"rendered":"<p>[et_pb_section fb_built=\"1\" disabled_on=\"off|off|off\" _builder_version=\"4.18.0\" custom_padding=\"5%||5%||true|false\" da_disable_devices=\"off|off|off\" global_colors_info=\"{}\" da_is_popup=\"off\" da_exit_intent=\"off\" da_has_close=\"on\" da_alt_close=\"off\" da_dark_close=\"off\" da_not_modal=\"on\" da_is_singular=\"off\" da_with_loader=\"off\" da_has_shadow=\"on\"][et_pb_row _builder_version=\"4.16\" background_size=\"initial\" background_position=\"top_left\" background_repeat=\"repeat\" custom_padding=\"0px||0px||true|false\" global_colors_info=\"{}\"][et_pb_column type=\"4_4\" _builder_version=\"4.16\" custom_padding=\"|||\" global_colors_info=\"{}\" custom_padding__hover=\"|||\"][et_pb_text _builder_version=\"4.19.0\" background_size=\"initial\" background_position=\"top_left\" background_repeat=\"repeat\" global_colors_info=\"{}\"]<\/p>\n\n<div class=\"wrap plugin-container\">\n\n\t\n\t\n\t\t<div class=\"vbo-js-helpers\" style=\"display: none;\">\n\t\t<div class=\"vbo-add-element-html\">\n\t\t\t<div class=\"vbo-search-num-aduchild-entry\">\n\t\t\t\t<span class=\"vbo-search-roomnum\">Zimmer %d<\/span>\n\t\t\t\t<div class=\"vbo-search-num-adults-entry\">\n\t\t\t\t\t<label class=\"vbo-search-num-adults-entry-label\">Erwachsene<\/label>\n\t\t\t\t\t<span class=\"vbo-search-num-adults-entry-inp\"><select name=\"adults[]\"><option value=\"1\">1<\/option><option value=\"2\">2<\/option><option value=\"3\">3<\/option><option value=\"4\">4<\/option><option value=\"5\">5<\/option><\/select><\/span>\n\t\t\t\t<\/div>\n\t\t\t\t\t\t\t<div class=\"vbo-search-num-children-entry\">\n\t\t\t\t\t<label class=\"vbo-search-num-children-entry-label\">Kinder<\/label>\n\t\t\t\t\t<span class=\"vbo-search-num-adults-entry-inp\"><select name=\"children[]\"><option value=\"0\">0<\/option><option value=\"1\">1<\/option><option value=\"2\">2<\/option><option value=\"3\">3<\/option><option value=\"4\">4<\/option><\/select><\/span>\n\t\t\t\t<\/div>\n\t\t\t\t\t\t\t<\/div>\n\t\t<\/div>\n\t<\/div>\n\n\t<script type=\"text\/javascript\">\n\tfunction vbAddElement() {\n\t\tvar ni = document.getElementById('vbo-search-num-aduchild-block');\n\t\tvar numi = document.getElementById('vbroomhelper');\n\t\tvar num = (document.getElementById('vbroomhelper').value -1)+ 2;\n\t\tnumi.value = num;\n\t\tvar newdiv = document.createElement('div');\n\t\tvar divIdName = 'vb'+num+'racont';\n\t\tnewdiv.setAttribute('id', divIdName);\n\t\tvar new_element_html = document.getElementsByClassName('vbo-add-element-html')[0].innerHTML;\n\t\tvar rp_rgx = new RegExp('%d', 'g');\n\t\tnewdiv.innerHTML = new_element_html.replace(rp_rgx, num);\n\t\tni.appendChild(newdiv);\n\t}\n\tfunction vbSetRoomsAdults(totrooms) {\n\t\tvar actrooms = parseInt(document.getElementById('vbroomhelper').value);\n\t\tvar torooms = parseInt(totrooms);\n\t\tvar difrooms;\n\t\tif(torooms > actrooms) {\n\t\t\tdifrooms = torooms - actrooms;\n\t\t\tfor(var ir = 1; ir <= difrooms; ir++) {\n\t\t\t\tvbAddElement();\n\t\t\t}\n\t\t}\n\t\tif(torooms < actrooms) {\n\t\t\tfor(var ir = actrooms; ir > torooms; ir--) {\n\t\t\t\tif(ir > 1) {\n\t\t\t\t\tvar rmra = document.getElementById('vb' + ir + 'racont');\n\t\t\t\t\trmra.parentNode.removeChild(rmra);\n\t\t\t\t}\n\t\t\t}\n\t\t\tdocument.getElementById('vbroomhelper').value = torooms;\n\t\t}\n\t}\n\tfunction vbCalcNights() {\n\t\tvar vbcheckin = document.getElementById('checkindate').value;\n\t\tvar vbcheckout = document.getElementById('checkoutdate').value;\n\t\tif (vbcheckin.length > 0 && vbcheckout.length > 0) {\n\t\t\tvar vbcheckinp = vbcheckin.split(\"\/\");\n\t\t\tvar vbcheckoutp = vbcheckout.split(\"\/\");\n\t\t\t\t\tvar vbinmonth = parseInt(vbcheckinp[1]);\n\t\t\tvbinmonth = vbinmonth - 1;\n\t\t\tvar vbinday = parseInt(vbcheckinp[0], 10);\n\t\t\tvar vbcheckind = new Date(vbcheckinp[2], vbinmonth, vbinday);\n\t\t\tvar vboutmonth = parseInt(vbcheckoutp[1]);\n\t\t\tvboutmonth = vboutmonth - 1;\n\t\t\tvar vboutday = parseInt(vbcheckoutp[0], 10);\n\t\t\tvar vbcheckoutd = new Date(vbcheckoutp[2], vboutmonth, vboutday);\n\t\t\t\t\t\tvar vbdivider = 1000 * 60 * 60 * 24;\n\t\t\tvar vbints = vbcheckind.getTime();\n\t\t\tvar vboutts = vbcheckoutd.getTime();\n\t\t\tif(vboutts > vbints) {\n\t\t\t\t\/\/var vbnights = Math.ceil((vboutts - vbints) \/ (vbdivider));\n\t\t\t\tvar utc1 = Date.UTC(vbcheckind.getFullYear(), vbcheckind.getMonth(), vbcheckind.getDate());\n\t\t\t\tvar utc2 = Date.UTC(vbcheckoutd.getFullYear(), vbcheckoutd.getMonth(), vbcheckoutd.getDate());\n\t\t\t\tvar vbnights = Math.ceil((utc2 - utc1) \/ vbdivider);\n\t\t\t\tif(vbnights > 0) {\n\t\t\t\t\tdocument.getElementById('vbjstotnights').innerHTML = 'N\u00e4chte: '+vbnights;\n\t\t\t\t} else {\n\t\t\t\t\tdocument.getElementById('vbjstotnights').innerHTML = '';\n\t\t\t\t}\n\t\t\t} else {\n\t\t\t\tdocument.getElementById('vbjstotnights').innerHTML = '';\n\t\t\t}\n\t\t} else {\n\t\t\tdocument.getElementById('vbjstotnights').innerHTML = '';\n\t\t}\n\t}\n\t<\/script>\n\t<input type=\"hidden\" id=\"vbroomhelper\" value=\"1\"\/>\n\t\t<div class=\"vbo-intro-main\"><\/div>\n\t<div class=\"vbdivsearch vbo-search-mainview\"><form action=\"https:\/\/estorilboavista.com\/de\/suche\/?option=com_vikbooking\" method=\"post\"><div class=\"vb-search-inner\">\n<input type=\"hidden\" name=\"option\" value=\"com_vikbooking\"\/>\n<input type=\"hidden\" name=\"task\" value=\"search\"\/>\n<div class=\"vbo-search-inpblock vbo-search-inpblock-checkin\"><label for=\"checkindate\">Check-in date<\/label><div class=\"input-group\"><input type=\"text\" name=\"checkindate\" id=\"checkindate\" size=\"10\" autocomplete=\"off\" onfocus=\"this.blur();\" readonly\/><i class=\"far fa-calendar-days vbo-caltrigger\"><\/i><\/div><input type=\"hidden\" name=\"checkinh\" value=\"14\"\/><input type=\"hidden\" name=\"checkinm\" value=\"0\"\/><\/div>\n<div class=\"vbo-search-inpblock vbo-search-inpblock-checkout\"><label for=\"checkoutdate\">Check-out date<\/label><div class=\"input-group\"><input type=\"text\" name=\"checkoutdate\" id=\"checkoutdate\" size=\"10\" autocomplete=\"off\" onfocus=\"this.blur();\" readonly\/><i class=\"far fa-calendar-days vbo-caltrigger\"><\/i><\/div><input type=\"hidden\" name=\"checkouth\" value=\"11\"\/><input type=\"hidden\" name=\"checkoutm\" value=\"0\"\/><\/div>\n<div class=\"vbo-search-num-racblock\">\n\t<div class=\"vbo-search-num-rooms\"><label for=\"vbo-roomsnum\">Zimmer<\/label><select id=\"vbo-roomsnum\" name=\"roomsnum\" onchange=\"vbSetRoomsAdults(this.value);\">\n<option value=\"1\">1<\/option>\n<option value=\"2\">2<\/option>\n<option value=\"3\">3<\/option>\n<option value=\"4\">4<\/option>\n<option value=\"5\">5<\/option>\n<\/select>\n<\/div>\n\t<div class=\"vbo-search-num-aduchild-block\" id=\"vbo-search-num-aduchild-block\">\n\t\t<div class=\"vbo-search-num-aduchild-entry\"><span class=\"vbo-search-roomnum\">Zimmer 1<\/span>\n\t\t\t<div class=\"vbo-search-num-adults-entry\"><label class=\"vbo-search-num-adults-entry-label\">Erwachsene<\/label><span class=\"vbo-search-num-adults-entry-inp\"><select name=\"adults[]\"><option value=\"1\">1<\/option><option value=\"2\">2<\/option><option value=\"3\">3<\/option><option value=\"4\">4<\/option><option value=\"5\">5<\/option><\/select><\/span><\/div>\n\t\t<div class=\"vbo-search-num-children-entry\"><label class=\"vbo-search-num-children-entry-label\">Kinder<\/label><span class=\"vbo-search-num-children-entry-inp\"><select name=\"children[]\"><option value=\"0\">0<\/option><option value=\"1\">1<\/option><option value=\"2\">2<\/option><option value=\"3\">3<\/option><option value=\"4\">4<\/option><\/select><\/span><\/div>\n\t\t<\/div>\n\t<\/div>\n\t<div id=\"vbjstotnights\"><\/div>\n<\/div>\n<div class=\"vbo-search-submit\"><button type=\"submit\" class=\"btn vbo-pref-color-btn\">Suchen<\/button><\/div>\n<\/div>\n<\/form><\/div>\t<div class=\"vbo-closing-main\"><\/div>\n\n\t<script type=\"text\/javascript\">\n\tjQuery(function() {\n\t\tjQuery('.vbo-search-submit').find('button[type=\"submit\"]').on('click', function(e) {\n\t\t\te.preventDefault();\n\t\t\tjQuery(this).prop('disabled', true);\n\t\t\tjQuery(this).html('<i class=\"fas fa-circle-notch fa-spin fa-fw\"><\/i> ' + jQuery(this).text());\n\t\t\tjQuery(this).closest('form').submit();\n\t\t});\n\t});\n\t<\/script>\n\n\t\n<\/div>\n\n<p><!-- \/divi:paragraph --><\/p>\n<p>[\/et_pb_text][\/et_pb_column][\/et_pb_row][\/et_pb_section][et_pb_section fb_built=\"1\" admin_label=\"Popup - #turistictax\" module_id=\"Kurtaxe\" module_class=\"popup\" _builder_version=\"4.16\" _module_preset=\"default\" background_color=\"#FFFFFF\" width=\"1920px\" max_width=\"100%\" module_alignment=\"center\" custom_padding=\"0px||0px||true|false\" da_is_popup=\"on\" da_popup_slug=\"turistictax\" da_disable_devices=\"off|off|off\" global_colors_info=\"{}\" da_exit_intent=\"off\" da_has_close=\"on\" da_alt_close=\"off\" da_dark_close=\"off\" da_not_modal=\"on\" da_is_singular=\"off\" da_with_loader=\"off\" da_has_shadow=\"on\"][et_pb_row _builder_version=\"4.16\" background_color=\"RGBA(0,0,0,0)\" width_tablet=\"\" width_phone=\"100%\" width_last_edited=\"on|desktop\" custom_padding=\"||||false|false\" global_colors_info=\"{}\"][et_pb_column type=\"4_4\" _builder_version=\"4.16\" custom_padding=\"|||\" global_colors_info=\"{}\" custom_padding__hover=\"|||\"][et_pb_text _builder_version=\"4.18.0\" _module_preset=\"default\" header_2_font=\"|600|||||||\" header_2_text_color=\"#67553c\" header_2_font_size=\"30px\" header_2_line_height=\"1.5em\" global_colors_info=\"{}\"]<\/p>\n<h2>Was ist die Kurtaxe?<\/h2>\n<p>Die <strong>Touristensteuer<\/strong> von 220 CVE pro Tag, die f\u00fcr Erwachsene \u00fcber 16 Jahre gilt, ist eine lokale Steuer, die f\u00fcr diejenigen erhoben wird, die in einer Unterkunftseinrichtung in jedem von ihnen \u00fcbernachten (oder \u00fcbernachten). die Inseln des kapverdischen Archipels, auf denen diese Steuer eingef\u00fchrt wurde. Diese Art von Steuer wird nicht von den Beherbergungsbetrieben gezahlt, sondern von den Personen, die dort \u00fcbernachten, und die Gesamtheit der von der lokalen Regierung eingenommenen Summen wird gem\u00e4\u00df der Gesetzgebung <strong>vollst\u00e4ndig in den Tourismus investiert<\/strong>.<\/strong> stark> <\/p>\n<p>[\/et_pb_text][\/et_pb_column][\/et_pb_row][\/et_pb_section]<\/p>\n","protected":false},"excerpt":{"rendered":"<p>\n<div class=\"wrap plugin-container\">\n\n\t\n\t\n\t\t<div class=\"vbo-js-helpers\" style=\"display: none;\">\n\t\t<div class=\"vbo-add-element-html\">\n\t\t\t<div class=\"vbo-search-num-aduchild-entry\">\n\t\t\t\t<span class=\"vbo-search-roomnum\">Zimmer %d<\/span>\n\t\t\t\t<div class=\"vbo-search-num-adults-entry\">\n\t\t\t\t\t<label class=\"vbo-search-num-adults-entry-label\">Erwachsene<\/label>\n\t\t\t\t\t<span class=\"vbo-search-num-adults-entry-inp\"><select name=\"adults[]\"><option value=\"1\">1<\/option><option value=\"2\">2<\/option><option value=\"3\">3<\/option><option value=\"4\">4<\/option><option value=\"5\">5<\/option><\/select><\/span>\n\t\t\t\t<\/div>\n\t\t\t\t\t\t\t<div class=\"vbo-search-num-children-entry\">\n\t\t\t\t\t<label class=\"vbo-search-num-children-entry-label\">Kinder<\/label>\n\t\t\t\t\t<span class=\"vbo-search-num-adults-entry-inp\"><select name=\"children[]\"><option value=\"0\">0<\/option><option value=\"1\">1<\/option><option value=\"2\">2<\/option><option value=\"3\">3<\/option><option value=\"4\">4<\/option><\/select><\/span>\n\t\t\t\t<\/div>\n\t\t\t\t\t\t\t<\/div>\n\t\t<\/div>\n\t<\/div>\n\n\t<script type=\"text\/javascript\">\n\tfunction vbAddElement() {\n\t\tvar ni = document.getElementById('vbo-search-num-aduchild-block');\n\t\tvar numi = document.getElementById('vbroomhelper');\n\t\tvar num = (document.getElementById('vbroomhelper').value -1)+ 2;\n\t\tnumi.value = num;\n\t\tvar newdiv = document.createElement('div');\n\t\tvar divIdName = 'vb'+num+'racont';\n\t\tnewdiv.setAttribute('id', divIdName);\n\t\tvar new_element_html = document.getElementsByClassName('vbo-add-element-html')[0].innerHTML;\n\t\tvar rp_rgx = new RegExp('%d', 'g');\n\t\tnewdiv.innerHTML = new_element_html.replace(rp_rgx, num);\n\t\tni.appendChild(newdiv);\n\t}\n\tfunction vbSetRoomsAdults(totrooms) {\n\t\tvar actrooms = parseInt(document.getElementById('vbroomhelper').value);\n\t\tvar torooms = parseInt(totrooms);\n\t\tvar difrooms;\n\t\tif(torooms > actrooms) {\n\t\t\tdifrooms = torooms - actrooms;\n\t\t\tfor(var ir = 1; ir <= difrooms; ir++) {\n\t\t\t\tvbAddElement();\n\t\t\t}\n\t\t}\n\t\tif(torooms < actrooms) {\n\t\t\tfor(var ir = actrooms; ir > torooms; ir--) {\n\t\t\t\tif(ir > 1) {\n\t\t\t\t\tvar rmra = document.getElementById('vb' + ir + 'racont');\n\t\t\t\t\trmra.parentNode.removeChild(rmra);\n\t\t\t\t}\n\t\t\t}\n\t\t\tdocument.getElementById('vbroomhelper').value = torooms;\n\t\t}\n\t}\n\tfunction vbCalcNights() {\n\t\tvar vbcheckin = document.getElementById('checkindate').value;\n\t\tvar vbcheckout = document.getElementById('checkoutdate').value;\n\t\tif (vbcheckin.length > 0 && vbcheckout.length > 0) {\n\t\t\tvar vbcheckinp = vbcheckin.split(\"\/\");\n\t\t\tvar vbcheckoutp = vbcheckout.split(\"\/\");\n\t\t\t\t\tvar vbinmonth = parseInt(vbcheckinp[1]);\n\t\t\tvbinmonth = vbinmonth - 1;\n\t\t\tvar vbinday = parseInt(vbcheckinp[0], 10);\n\t\t\tvar vbcheckind = new Date(vbcheckinp[2], vbinmonth, vbinday);\n\t\t\tvar vboutmonth = parseInt(vbcheckoutp[1]);\n\t\t\tvboutmonth = vboutmonth - 1;\n\t\t\tvar vboutday = parseInt(vbcheckoutp[0], 10);\n\t\t\tvar vbcheckoutd = new Date(vbcheckoutp[2], vboutmonth, vboutday);\n\t\t\t\t\t\tvar vbdivider = 1000 * 60 * 60 * 24;\n\t\t\tvar vbints = vbcheckind.getTime();\n\t\t\tvar vboutts = vbcheckoutd.getTime();\n\t\t\tif(vboutts > vbints) {\n\t\t\t\t\/\/var vbnights = Math.ceil((vboutts - vbints) \/ (vbdivider));\n\t\t\t\tvar utc1 = Date.UTC(vbcheckind.getFullYear(), vbcheckind.getMonth(), vbcheckind.getDate());\n\t\t\t\tvar utc2 = Date.UTC(vbcheckoutd.getFullYear(), vbcheckoutd.getMonth(), vbcheckoutd.getDate());\n\t\t\t\tvar vbnights = Math.ceil((utc2 - utc1) \/ vbdivider);\n\t\t\t\tif(vbnights > 0) {\n\t\t\t\t\tdocument.getElementById('vbjstotnights').innerHTML = 'N\u00e4chte: '+vbnights;\n\t\t\t\t} else {\n\t\t\t\t\tdocument.getElementById('vbjstotnights').innerHTML = '';\n\t\t\t\t}\n\t\t\t} else {\n\t\t\t\tdocument.getElementById('vbjstotnights').innerHTML = '';\n\t\t\t}\n\t\t} else {\n\t\t\tdocument.getElementById('vbjstotnights').innerHTML = '';\n\t\t}\n\t}\n\t<\/script>\n\t<input type=\"hidden\" id=\"vbroomhelper\" value=\"1\"\/>\n\t\t<div class=\"vbo-intro-main\"><\/div>\n\t<div class=\"vbdivsearch vbo-search-mainview\"><form action=\"https:\/\/estorilboavista.com\/de\/suche\/?option=com_vikbooking\" method=\"post\"><div class=\"vb-search-inner\">\n<input type=\"hidden\" name=\"option\" value=\"com_vikbooking\"\/>\n<input type=\"hidden\" name=\"task\" value=\"search\"\/>\n<div class=\"vbo-search-inpblock vbo-search-inpblock-checkin\"><label for=\"checkindate\">Check-in date<\/label><div class=\"input-group\"><input type=\"text\" name=\"checkindate\" id=\"checkindate\" size=\"10\" autocomplete=\"off\" onfocus=\"this.blur();\" readonly\/><i class=\"far fa-calendar-days vbo-caltrigger\"><\/i><\/div><input type=\"hidden\" name=\"checkinh\" value=\"14\"\/><input type=\"hidden\" name=\"checkinm\" value=\"0\"\/><\/div>\n<div class=\"vbo-search-inpblock vbo-search-inpblock-checkout\"><label for=\"checkoutdate\">Check-out date<\/label><div class=\"input-group\"><input type=\"text\" name=\"checkoutdate\" id=\"checkoutdate\" size=\"10\" autocomplete=\"off\" onfocus=\"this.blur();\" readonly\/><i class=\"far fa-calendar-days vbo-caltrigger\"><\/i><\/div><input type=\"hidden\" name=\"checkouth\" value=\"11\"\/><input type=\"hidden\" name=\"checkoutm\" value=\"0\"\/><\/div>\n<div class=\"vbo-search-num-racblock\">\n\t<div class=\"vbo-search-num-rooms\"><label for=\"vbo-roomsnum\">Zimmer<\/label><select id=\"vbo-roomsnum\" name=\"roomsnum\" onchange=\"vbSetRoomsAdults(this.value);\">\n<option value=\"1\">1<\/option>\n<option value=\"2\">2<\/option>\n<option value=\"3\">3<\/option>\n<option value=\"4\">4<\/option>\n<option value=\"5\">5<\/option>\n<\/select>\n<\/div>\n\t<div class=\"vbo-search-num-aduchild-block\" id=\"vbo-search-num-aduchild-block\">\n\t\t<div class=\"vbo-search-num-aduchild-entry\"><span class=\"vbo-search-roomnum\">Zimmer 1<\/span>\n\t\t\t<div class=\"vbo-search-num-adults-entry\"><label class=\"vbo-search-num-adults-entry-label\">Erwachsene<\/label><span class=\"vbo-search-num-adults-entry-inp\"><select name=\"adults[]\"><option value=\"1\">1<\/option><option value=\"2\">2<\/option><option value=\"3\">3<\/option><option value=\"4\">4<\/option><option value=\"5\">5<\/option><\/select><\/span><\/div>\n\t\t<div class=\"vbo-search-num-children-entry\"><label class=\"vbo-search-num-children-entry-label\">Kinder<\/label><span class=\"vbo-search-num-children-entry-inp\"><select name=\"children[]\"><option value=\"0\">0<\/option><option value=\"1\">1<\/option><option value=\"2\">2<\/option><option value=\"3\">3<\/option><option value=\"4\">4<\/option><\/select><\/span><\/div>\n\t\t<\/div>\n\t<\/div>\n\t<div id=\"vbjstotnights\"><\/div>\n<\/div>\n<div class=\"vbo-search-submit\"><button type=\"submit\" class=\"btn vbo-pref-color-btn\">Suchen<\/button><\/div>\n<\/div>\n<\/form><\/div>\t<div class=\"vbo-closing-main\"><\/div>\n\n\t<script type=\"text\/javascript\">\n\tjQuery(function() {\n\t\tjQuery('.vbo-search-submit').find('button[type=\"submit\"]').on('click', function(e) {\n\t\t\te.preventDefault();\n\t\t\tjQuery(this).prop('disabled', true);\n\t\t\tjQuery(this).html('<i class=\"fas fa-circle-notch fa-spin fa-fw\"><\/i> ' + jQuery(this).text());\n\t\t\tjQuery(this).closest('form').submit();\n\t\t});\n\t});\n\t<\/script>\n\n\t\n<\/div>\n Was ist die Kurtaxe? Die Touristensteuer von 220 CVE pro Tag, die f\u00fcr Erwachsene \u00fcber 16 Jahre gilt, ist eine lokale Steuer, die f\u00fcr diejenigen erhoben wird, die in einer Unterkunftseinrichtung in jedem von ihnen \u00fcbernachten (oder \u00fcbernachten). die Inseln des kapverdischen Archipels, auf denen diese Steuer eingef\u00fchrt wurde. Diese Art [&hellip;]<\/p>\n","protected":false},"author":1,"featured_media":0,"parent":0,"menu_order":0,"comment_status":"closed","ping_status":"closed","template":"","meta":{"_et_pb_use_builder":"on","_et_pb_old_content":"","_et_gb_content_width":"","footnotes":""},"class_list":["post-4561","page","type-page","status-publish","hentry"],"yoast_head":"<!-- This site is optimized with the Yoast SEO plugin v27.4 - https:\/\/yoast.com\/product\/yoast-seo-wordpress\/ -->\n<title>Suche | Estroil Hotel<\/title>\n<meta name=\"robots\" content=\"index, follow, max-snippet:-1, max-image-preview:large, max-video-preview:-1\" \/>\n<link rel=\"canonical\" href=\"https:\/\/estorilboavista.com\/de\/suche\/\" \/>\n<meta property=\"og:locale\" content=\"de_DE\" \/>\n<meta property=\"og:type\" content=\"article\" \/>\n<meta property=\"og:title\" content=\"Suche | Estroil Hotel\" \/>\n<meta property=\"og:description\" content=\"Was ist die Kurtaxe? Die Touristensteuer von 220 CVE pro Tag, die f\u00fcr Erwachsene \u00fcber 16 Jahre gilt, ist eine lokale Steuer, die f\u00fcr diejenigen erhoben wird, die in einer Unterkunftseinrichtung in jedem von ihnen \u00fcbernachten (oder \u00fcbernachten). die Inseln des kapverdischen Archipels, auf denen diese Steuer eingef\u00fchrt wurde. Diese Art [&hellip;]\" \/>\n<meta property=\"og:url\" content=\"https:\/\/estorilboavista.com\/de\/suche\/\" \/>\n<meta property=\"og:site_name\" content=\"Hotel Estoril\" \/>\n<meta property=\"article:modified_time\" content=\"2022-12-02T18:33:59+00:00\" \/>\n<meta name=\"twitter:card\" content=\"summary_large_image\" \/>\n<meta name=\"twitter:label1\" content=\"Gesch\u00e4tzte Lesezeit\" \/>\n\t<meta name=\"twitter:data1\" content=\"2\u00a0Minuten\" \/>\n<script type=\"application\/ld+json\" class=\"yoast-schema-graph\">{\"@context\":\"https:\\\/\\\/schema.org\",\"@graph\":[{\"@type\":\"WebPage\",\"@id\":\"https:\\\/\\\/estorilboavista.com\\\/de\\\/suche\\\/\",\"url\":\"https:\\\/\\\/estorilboavista.com\\\/de\\\/suche\\\/\",\"name\":\"Suche | Estroil Hotel\",\"isPartOf\":{\"@id\":\"https:\\\/\\\/estorilboavista.com\\\/de\\\/#website\"},\"datePublished\":\"2021-11-05T07:18:34+00:00\",\"dateModified\":\"2022-12-02T18:33:59+00:00\",\"breadcrumb\":{\"@id\":\"https:\\\/\\\/estorilboavista.com\\\/de\\\/suche\\\/#breadcrumb\"},\"inLanguage\":\"de\",\"potentialAction\":[{\"@type\":\"ReadAction\",\"target\":[\"https:\\\/\\\/estorilboavista.com\\\/de\\\/suche\\\/\"]}]},{\"@type\":\"BreadcrumbList\",\"@id\":\"https:\\\/\\\/estorilboavista.com\\\/de\\\/suche\\\/#breadcrumb\",\"itemListElement\":[{\"@type\":\"ListItem\",\"position\":1,\"name\":\"Home\",\"item\":\"https:\\\/\\\/estorilboavista.com\\\/de\\\/\"},{\"@type\":\"ListItem\",\"position\":2,\"name\":\"Suche\"}]},{\"@type\":\"WebSite\",\"@id\":\"https:\\\/\\\/estorilboavista.com\\\/de\\\/#website\",\"url\":\"https:\\\/\\\/estorilboavista.com\\\/de\\\/\",\"name\":\"Estoril Boavista\",\"description\":\"Einen Steinwurf vom Meer entfernt\",\"publisher\":{\"@id\":\"https:\\\/\\\/estorilboavista.com\\\/de\\\/#organization\"},\"potentialAction\":[{\"@type\":\"SearchAction\",\"target\":{\"@type\":\"EntryPoint\",\"urlTemplate\":\"https:\\\/\\\/estorilboavista.com\\\/de\\\/?s={search_term_string}\"},\"query-input\":{\"@type\":\"PropertyValueSpecification\",\"valueRequired\":true,\"valueName\":\"search_term_string\"}}],\"inLanguage\":\"de\"},{\"@type\":\"Organization\",\"@id\":\"https:\\\/\\\/estorilboavista.com\\\/de\\\/#organization\",\"name\":\"Estoril Boavista\",\"url\":\"https:\\\/\\\/estorilboavista.com\\\/de\\\/\",\"logo\":{\"@type\":\"ImageObject\",\"inLanguage\":\"de\",\"@id\":\"https:\\\/\\\/estorilboavista.com\\\/de\\\/#\\\/schema\\\/logo\\\/image\\\/\",\"url\":\"\",\"contentUrl\":\"\",\"caption\":\"Estoril Boavista\"},\"image\":{\"@id\":\"https:\\\/\\\/estorilboavista.com\\\/de\\\/#\\\/schema\\\/logo\\\/image\\\/\"}}]}<\/script>\n<!-- \/ Yoast SEO plugin. -->","yoast_head_json":{"title":"Suche | Estroil Hotel","robots":{"index":"index","follow":"follow","max-snippet":"max-snippet:-1","max-image-preview":"max-image-preview:large","max-video-preview":"max-video-preview:-1"},"canonical":"https:\/\/estorilboavista.com\/de\/suche\/","og_locale":"de_DE","og_type":"article","og_title":"Suche | Estroil Hotel","og_description":"Was ist die Kurtaxe? Die Touristensteuer von 220 CVE pro Tag, die f\u00fcr Erwachsene \u00fcber 16 Jahre gilt, ist eine lokale Steuer, die f\u00fcr diejenigen erhoben wird, die in einer Unterkunftseinrichtung in jedem von ihnen \u00fcbernachten (oder \u00fcbernachten). die Inseln des kapverdischen Archipels, auf denen diese Steuer eingef\u00fchrt wurde. Diese Art [&hellip;]","og_url":"https:\/\/estorilboavista.com\/de\/suche\/","og_site_name":"Hotel Estoril","article_modified_time":"2022-12-02T18:33:59+00:00","twitter_card":"summary_large_image","twitter_misc":{"Gesch\u00e4tzte Lesezeit":"2\u00a0Minuten"},"schema":{"@context":"https:\/\/schema.org","@graph":[{"@type":"WebPage","@id":"https:\/\/estorilboavista.com\/de\/suche\/","url":"https:\/\/estorilboavista.com\/de\/suche\/","name":"Suche | Estroil Hotel","isPartOf":{"@id":"https:\/\/estorilboavista.com\/de\/#website"},"datePublished":"2021-11-05T07:18:34+00:00","dateModified":"2022-12-02T18:33:59+00:00","breadcrumb":{"@id":"https:\/\/estorilboavista.com\/de\/suche\/#breadcrumb"},"inLanguage":"de","potentialAction":[{"@type":"ReadAction","target":["https:\/\/estorilboavista.com\/de\/suche\/"]}]},{"@type":"BreadcrumbList","@id":"https:\/\/estorilboavista.com\/de\/suche\/#breadcrumb","itemListElement":[{"@type":"ListItem","position":1,"name":"Home","item":"https:\/\/estorilboavista.com\/de\/"},{"@type":"ListItem","position":2,"name":"Suche"}]},{"@type":"WebSite","@id":"https:\/\/estorilboavista.com\/de\/#website","url":"https:\/\/estorilboavista.com\/de\/","name":"Estoril Boavista","description":"Einen Steinwurf vom Meer entfernt","publisher":{"@id":"https:\/\/estorilboavista.com\/de\/#organization"},"potentialAction":[{"@type":"SearchAction","target":{"@type":"EntryPoint","urlTemplate":"https:\/\/estorilboavista.com\/de\/?s={search_term_string}"},"query-input":{"@type":"PropertyValueSpecification","valueRequired":true,"valueName":"search_term_string"}}],"inLanguage":"de"},{"@type":"Organization","@id":"https:\/\/estorilboavista.com\/de\/#organization","name":"Estoril Boavista","url":"https:\/\/estorilboavista.com\/de\/","logo":{"@type":"ImageObject","inLanguage":"de","@id":"https:\/\/estorilboavista.com\/de\/#\/schema\/logo\/image\/","url":"","contentUrl":"","caption":"Estoril Boavista"},"image":{"@id":"https:\/\/estorilboavista.com\/de\/#\/schema\/logo\/image\/"}}]}},"_links":{"self":[{"href":"https:\/\/estorilboavista.com\/de\/wp-json\/wp\/v2\/pages\/4561","targetHints":{"allow":["GET"]}}],"collection":[{"href":"https:\/\/estorilboavista.com\/de\/wp-json\/wp\/v2\/pages"}],"about":[{"href":"https:\/\/estorilboavista.com\/de\/wp-json\/wp\/v2\/types\/page"}],"author":[{"embeddable":true,"href":"https:\/\/estorilboavista.com\/de\/wp-json\/wp\/v2\/users\/1"}],"replies":[{"embeddable":true,"href":"https:\/\/estorilboavista.com\/de\/wp-json\/wp\/v2\/comments?post=4561"}],"version-history":[{"count":2,"href":"https:\/\/estorilboavista.com\/de\/wp-json\/wp\/v2\/pages\/4561\/revisions"}],"predecessor-version":[{"id":4563,"href":"https:\/\/estorilboavista.com\/de\/wp-json\/wp\/v2\/pages\/4561\/revisions\/4563"}],"wp:attachment":[{"href":"https:\/\/estorilboavista.com\/de\/wp-json\/wp\/v2\/media?parent=4561"}],"curies":[{"name":"wp","href":"https:\/\/api.w.org\/{rel}","templated":true}]}}