{"id":4606,"date":"2022-01-05T11:23:52","date_gmt":"2022-01-05T12:23:52","guid":{"rendered":"https:\/\/estorilboavista.com\/dienstleistungen\/"},"modified":"2025-11-21T16:56:16","modified_gmt":"2025-11-21T17:56:16","slug":"dienstleistungen","status":"publish","type":"page","link":"https:\/\/estorilboavista.com\/de\/dienstleistungen\/","title":{"rendered":"Dienstleistungen"},"content":{"rendered":"<p>[et_pb_section fb_built=\"1\" _builder_version=\"4.19.2\" _module_preset=\"default\" background_color=\"#BF4136\" background_enable_image=\"off\" background_blend=\"multiply\" width=\"100%\" max_width=\"100%\" module_alignment=\"center\" min_height=\"100px\" max_height=\"266px\" max_height_tablet=\"160px\" max_height_phone=\"160px\" max_height_last_edited=\"on|tablet\" custom_css_main_element=\"display:flex;||align-items:flex-end;||\" da_disable_devices=\"off|off|off\" global_colors_info=\"{}\" da_is_popup=\"off\" da_exit_intent=\"off\" da_has_close=\"on\" da_alt_close=\"off\" da_dark_close=\"off\" da_not_modal=\"on\" da_is_singular=\"off\" da_with_loader=\"off\" da_has_shadow=\"on\"][et_pb_row _builder_version=\"4.19.2\" _module_preset=\"default\" positioning=\"none\" vertical_offset=\"-105px\" width=\"90%\" width_tablet=\"75%\" width_phone=\"90%\" width_last_edited=\"off|desktop\" module_alignment=\"center\" custom_margin=\"||||false|false\" custom_padding=\"||||false|false\" custom_css_main_element=\"display:flex;||align-items:center;\" global_colors_info=\"{}\" custom_css_main_element_last_edited=\"on|tablet\" custom_css_main_element_tablet=\"display:flex;||align-items:center;||flex-direction:column;\" custom_css_main_element_phone=\"display:flex;||align-items:center;||flex-direction:column;\"][et_pb_column type=\"4_4\" _builder_version=\"4.18.0\" _module_preset=\"default\" background_enable_color=\"off\" custom_padding=\"||||true|false\" global_colors_info=\"{}\"][et_pb_text _builder_version=\"4.19.2\" _module_preset=\"default\" text_font_size=\"22px\" header_text_align=\"center\" header_text_color=\"#FFFFFF\" header_font_size=\"4vw\" background_color=\"RGBA(255,255,255,0)\" global_colors_info=\"{}\"]<\/p>\n<h1>Dienste<\/h1>\n<p>[\/et_pb_text][\/et_pb_column][\/et_pb_row][\/et_pb_section][et_pb_section fb_built=\"1\" _builder_version=\"4.18.0\" _module_preset=\"default\" background_color=\"#ededed\" custom_padding=\"63px|||||\" da_disable_devices=\"off|off|off\" global_colors_info=\"{}\" da_is_popup=\"off\" da_exit_intent=\"off\" da_has_close=\"on\" da_alt_close=\"off\" da_dark_close=\"off\" da_not_modal=\"on\" da_is_singular=\"off\" da_with_loader=\"off\" da_has_shadow=\"on\"][et_pb_row _builder_version=\"4.18.0\" _module_preset=\"default\" width=\"90%\" module_alignment=\"center\" custom_padding=\"0px||0px||true|false\" global_colors_info=\"{}\"][et_pb_column type=\"4_4\" _builder_version=\"4.18.0\" _module_preset=\"default\" global_colors_info=\"{}\"][et_pb_text _builder_version=\"4.18.0\" _module_preset=\"default\" text_font_size=\"22px\" header_font=\"|600|||||||\" header_font_size=\"41px\" header_2_font=\"|600|||||||\" header_2_text_align=\"center\" header_2_text_color=\"#BF4136\" header_2_font_size=\"60px\" custom_margin=\"||0px||false|false\" global_colors_info=\"{}\"]<\/p>\n<h2>Vom Hotel angebotene Dienstleistungen<\/h2>\n<p>[\/et_pb_text][et_pb_divider color=\"#BF4136\" divider_weight=\"2px\" _builder_version=\"4.18.0\" _module_preset=\"default\" max_width=\"50%\" module_alignment=\"center\" custom_margin=\"0px||0px||true|false\" custom_padding=\"0px||0px||true|false\" global_colors_info=\"{}\"][\/et_pb_divider][\/et_pb_column][\/et_pb_row][et_pb_row column_structure=\"1_4,3_4\" use_custom_gutter=\"on\" gutter_width=\"1\" _builder_version=\"4.19.2\" _module_preset=\"default\" background_color=\"#BF4136\" background_image=\"https:\/\/estorilboavista.com\/wp-content\/uploads\/2022\/12\/aeroporte.jpg\" background_size=\"custom\" background_image_width=\"26%\" background_image_height=\"100%\" background_position=\"top_left\" width=\"90%\" custom_margin=\"25px||25px||true|false\" custom_padding=\"0px||0px||true|false\" custom_css_main_element=\"display:flex;||align-items:stretch;\" box_shadow_style=\"preset1\" box_shadow_vertical=\"0px\" box_shadow_spread=\"-5px\" box_shadow_color=\"rgba(0,0,0,0.5)\" global_colors_info=\"{}\" custom_css_main_element_last_edited=\"on|tablet\" custom_css_main_element_tablet=\"display:flex;||align-items:stretch;||flex-direction:column;\" custom_css_main_element_phone=\"display:flex;||align-items:stretch;||flex-direction:column;\"][et_pb_column type=\"1_4\" _builder_version=\"4.18.0\" _module_preset=\"default\" background_enable_color=\"off\" global_colors_info=\"{}\"][\/et_pb_column][et_pb_column type=\"3_4\" _builder_version=\"4.18.0\" _module_preset=\"default\" background_color=\"#FFFFFF\" custom_padding=\"15px||15px||true|false\" custom_padding_tablet=\"15px|15px|15px|15px|true|true\" custom_padding_phone=\"15px|15px|15px|15px|true|true\" custom_padding_last_edited=\"on|tablet\" global_colors_info=\"{}\"][et_pb_text _builder_version=\"4.18.0\" _module_preset=\"default\" header_font=\"|600|||||||\" header_3_font=\"|600|||||||\" header_3_text_color=\"#BF4136\" width=\"95%\" module_alignment=\"center\" custom_margin=\"||||false|false\" global_colors_info=\"{}\"]<\/p>\n<h3>Shuttleservice<\/h3>\n<p>[\/et_pb_text][et_pb_blurb use_icon=\"on\" font_icon=\"&#x35;||divi||400\" icon_color=\"#1f5673\" icon_placement=\"left\" content_max_width=\"100%\" _builder_version=\"4.27.4\" _module_preset=\"default\" width=\"95%\" module_alignment=\"center\" custom_margin=\"||5px||false|false\" hover_enabled=\"0\" global_colors_info=\"{}\" sticky_enabled=\"0\"]<\/p>\n<p>Shuttle zum und vom Flughafen zum Preis von 25 \u20ac<\/p>\n<p>[\/et_pb_blurb][et_pb_blurb use_icon=\"on\" font_icon=\"&#x35;||divi||400\" icon_color=\"#1f5673\" icon_placement=\"left\" content_max_width=\"100%\" _builder_version=\"4.18.0\" _module_preset=\"default\" width=\"95%\" module_alignment=\"center\" custom_margin=\"||5px||false|false\" global_colors_info=\"{}\"]<\/p>\n<p>Shuttle zu variablen Kosten, um Restaurants zu erreichen; 2\u00a0\u20ac f\u00fcr Restaurants im SAL REi-Gebiet, 20\u00a0\u20ac f\u00fcr Restaurants an weiter entfernten Str\u00e4nden<\/p>\n<p>[\/et_pb_blurb][\/et_pb_column][\/et_pb_row][et_pb_row column_structure=\"1_4,3_4\" use_custom_gutter=\"on\" gutter_width=\"1\" _builder_version=\"4.19.1\" _module_preset=\"default\" background_color=\"#BF4136\" background_image=\"https:\/\/estorilboavista.com\/wp-content\/uploads\/2022\/12\/balene.jpg\" background_size=\"custom\" background_image_width=\"29%\" background_image_height=\"100%\" background_position=\"top_left\" background_horizontal_offset=\"0%\" background_vertical_offset=\"0%\" width=\"90%\" custom_margin=\"25px||25px||true|false\" custom_padding=\"0px||0px||true|false\" custom_css_main_element=\"display:flex;||align-items:center;\" box_shadow_style=\"preset1\" box_shadow_vertical=\"0px\" box_shadow_spread=\"-5px\" box_shadow_color=\"rgba(0,0,0,0.5)\" global_colors_info=\"{}\" custom_css_main_element_last_edited=\"on|tablet\" custom_css_main_element_tablet=\"display:flex;||align-items:stretch;||flex-direction:column;\" custom_css_main_element_phone=\"display:flex;||align-items:stretch;||flex-direction:column;\"][et_pb_column type=\"1_4\" _builder_version=\"4.18.0\" _module_preset=\"default\" background_enable_color=\"off\" global_colors_info=\"{}\"][\/et_pb_column][et_pb_column type=\"3_4\" _builder_version=\"4.18.0\" _module_preset=\"default\" background_color=\"#FFFFFF\" custom_padding=\"15px||15px||true|false\" custom_padding_tablet=\"|15px||15px|true|true\" custom_padding_phone=\"|15px||15px|true|true\" custom_padding_last_edited=\"on|tablet\" global_colors_info=\"{}\"][et_pb_text _builder_version=\"4.18.0\" _module_preset=\"default\" header_font=\"|600|||||||\" header_3_font=\"|600|||||||\" header_3_text_color=\"#BF4136\" width=\"95%\" module_alignment=\"center\" custom_margin=\"||||false|false\" global_colors_info=\"{}\"]<\/p>\n<h3>Ausfl\u00fcge*<\/h3>\n<p>[\/et_pb_text][et_pb_blurb use_icon=\"on\" font_icon=\"&#x35;||divi||400\" icon_color=\"#1f5673\" icon_placement=\"left\" content_max_width=\"100%\" _builder_version=\"4.19.1\" _module_preset=\"default\" width=\"95%\" module_alignment=\"center\" custom_margin=\"||5px||false|false\" global_colors_info=\"{}\"]<\/p>\n<p>Abendausflug zur Eiablage der \"caretta-caretta\"-Schildkr\u00f6te (von Mai bis Oktober)<\/p>\n<p>[\/et_pb_blurb][et_pb_blurb use_icon=\"on\" font_icon=\"&#x35;||divi||400\" icon_color=\"#1f5673\" icon_placement=\"left\" content_max_width=\"100%\" _builder_version=\"4.19.1\" _module_preset=\"default\" width=\"95%\" module_alignment=\"center\" custom_margin=\"||5px||false|false\" global_colors_info=\"{}\"]<\/p>\n<p>Vogel- und Walbeobachtungsausfl\u00fcge<\/p>\n<p>[\/et_pb_blurb][et_pb_blurb use_icon=\"on\" font_icon=\"&#x35;||divi||400\" icon_color=\"#1f5673\" icon_placement=\"left\" content_max_width=\"100%\" _builder_version=\"4.19.1\" _module_preset=\"default\" width=\"95%\" module_alignment=\"center\" custom_margin=\"||5px||false|false\" global_colors_info=\"{}\"]<\/p>\n<p>Naturwanderungen zu Fu\u00df oder mit dem Fahrrad<\/p>\n<p>[\/et_pb_blurb][\/et_pb_column][\/et_pb_row][et_pb_row column_structure=\"1_4,3_4\" use_custom_gutter=\"on\" gutter_width=\"1\" _builder_version=\"4.19.2\" _module_preset=\"default\" background_color=\"#BF4136\" background_image=\"https:\/\/estorilboavista.com\/wp-content\/uploads\/2022\/12\/quad1.jpg\" background_size=\"custom\" background_image_width=\"26%\" background_image_height=\"100%\" background_position=\"top_left\" width=\"90%\" custom_margin=\"25px||25px||true|false\" custom_padding=\"0px||0px||true|false\" custom_css_main_element=\"display:flex;||align-items:center;\" box_shadow_style=\"preset1\" box_shadow_vertical=\"0px\" box_shadow_spread=\"-5px\" box_shadow_color=\"rgba(0,0,0,0.5)\" global_colors_info=\"{}\" custom_css_main_element_last_edited=\"on|tablet\" custom_css_main_element_tablet=\"display:flex;||align-items:stretch;||flex-direction:column;\" custom_css_main_element_phone=\"display:flex;||align-items:stretch;||flex-direction:column;\"][et_pb_column type=\"1_4\" _builder_version=\"4.18.0\" _module_preset=\"default\" background_enable_color=\"off\" global_colors_info=\"{}\"][\/et_pb_column][et_pb_column type=\"3_4\" _builder_version=\"4.18.0\" _module_preset=\"default\" background_color=\"#FFFFFF\" custom_padding=\"15px||15px||true|false\" custom_padding_tablet=\"|15px||15px|true|true\" custom_padding_phone=\"|15px||15px|true|true\" custom_padding_last_edited=\"on|tablet\" global_colors_info=\"{}\"][et_pb_text _builder_version=\"4.18.0\" _module_preset=\"default\" header_font=\"|600|||||||\" header_3_font=\"|600|||||||\" header_3_text_color=\"#BF4136\" width=\"95%\" module_alignment=\"center\" custom_margin=\"||||false|false\" global_colors_info=\"{}\"]<\/p>\n<h3>Ausfl\u00fcge*<\/h3>\n<p>[\/et_pb_text][et_pb_blurb use_icon=\"on\" font_icon=\"&#x35;||divi||400\" icon_color=\"#1f5673\" icon_placement=\"left\" content_max_width=\"100%\" _builder_version=\"4.19.2\" _module_preset=\"default\" width=\"95%\" module_alignment=\"center\" height=\"146px\" custom_margin=\"||5px||false|false\" global_colors_info=\"{}\"]<\/p>\n<p>Quad-Touren<\/p>\n<p>[\/et_pb_blurb][\/et_pb_column][\/et_pb_row][et_pb_row column_structure=\"1_4,3_4\" use_custom_gutter=\"on\" gutter_width=\"1\" _builder_version=\"4.19.2\" _module_preset=\"default\" background_color=\"#BF4136\" background_image=\"https:\/\/estorilboavista.com\/wp-content\/uploads\/2022\/12\/buggy1.jpg\" background_size=\"custom\" background_image_width=\"26%\" background_image_height=\"100%\" background_position=\"top_left\" width=\"90%\" custom_margin=\"25px||25px||true|false\" custom_padding=\"0px||0px||true|false\" custom_css_main_element=\"display:flex;||align-items:center;\" box_shadow_style=\"preset1\" box_shadow_vertical=\"0px\" box_shadow_spread=\"-5px\" box_shadow_color=\"rgba(0,0,0,0.5)\" global_colors_info=\"{}\" custom_css_main_element_last_edited=\"on|tablet\" custom_css_main_element_tablet=\"display:flex;||align-items:stretch;||flex-direction:column;\" custom_css_main_element_phone=\"display:flex;||align-items:stretch;||flex-direction:column;\"][et_pb_column type=\"1_4\" _builder_version=\"4.18.0\" _module_preset=\"default\" background_enable_color=\"off\" global_colors_info=\"{}\"][\/et_pb_column][et_pb_column type=\"3_4\" _builder_version=\"4.18.0\" _module_preset=\"default\" background_color=\"#FFFFFF\" custom_padding=\"15px||15px||true|false\" custom_padding_tablet=\"|15px||15px|true|true\" custom_padding_phone=\"|15px||15px|true|true\" custom_padding_last_edited=\"on|tablet\" global_colors_info=\"{}\"][et_pb_text _builder_version=\"4.18.0\" _module_preset=\"default\" header_font=\"|600|||||||\" header_3_font=\"|600|||||||\" header_3_text_color=\"#BF4136\" width=\"95%\" module_alignment=\"center\" custom_margin=\"||||false|false\" global_colors_info=\"{}\"]<\/p>\n<h3>Ausfl\u00fcge*<\/h3>\n<p>[\/et_pb_text][et_pb_blurb use_icon=\"on\" font_icon=\"&#x35;||divi||400\" icon_color=\"#1f5673\" icon_placement=\"left\" content_max_width=\"100%\" _builder_version=\"4.19.2\" _module_preset=\"default\" width=\"95%\" module_alignment=\"center\" height=\"146px\" custom_margin=\"||5px||false|false\" global_colors_info=\"{}\"]<\/p>\n<p>Buggyfahrten<\/p>\n<p>[\/et_pb_blurb][\/et_pb_column][\/et_pb_row][et_pb_row _builder_version=\"4.18.0\" _module_preset=\"default\" width=\"90%\" module_alignment=\"center\" custom_padding=\"0px||0px||true|false\" global_colors_info=\"{}\"][et_pb_column type=\"4_4\" _builder_version=\"4.18.0\" _module_preset=\"default\" global_colors_info=\"{}\"][et_pb_text _builder_version=\"4.18.0\" _module_preset=\"default\" text_text_color=\"#999999\" global_colors_info=\"{}\"]<\/p>\n<p>*<span>Die Preise werden zwischen den Parteien vor der Leistungserbringung gem\u00e4\u00df der Anfrage des Gastes festgelegt<\/span><\/p>\n<p>[\/et_pb_text][\/et_pb_column][\/et_pb_row][\/et_pb_section][et_pb_section fb_built=\"1\" _builder_version=\"4.19.1\" _module_preset=\"default\" background_image=\"https:\/\/estorilboavista.com\/wp-content\/uploads\/2022\/12\/varandinha-top-scaled.jpg\" background_size=\"custom\" background_position=\"bottom_right\" background_vertical_offset=\"45%\" min_height=\"400px\" da_disable_devices=\"off|off|off\" global_colors_info=\"{}\" da_is_popup=\"off\" da_exit_intent=\"off\" da_has_close=\"on\" da_alt_close=\"off\" da_dark_close=\"off\" da_not_modal=\"on\" da_is_singular=\"off\" da_with_loader=\"off\" da_has_shadow=\"on\"][et_pb_row _builder_version=\"4.18.0\" _module_preset=\"default\" width=\"90%\" module_alignment=\"center\" global_colors_info=\"{}\"][et_pb_column type=\"4_4\" _builder_version=\"4.18.0\" _module_preset=\"default\" global_colors_info=\"{}\"][et_pb_text _builder_version=\"4.19.1\" _module_preset=\"default\" text_font_size=\"22px\" header_font=\"|600|||||||\" header_font_size=\"41px\" header_2_font=\"|600|||||||\" header_2_text_align=\"center\" header_2_text_color=\"#ededed\" header_2_font_size=\"60px\" custom_margin=\"2em||||false|false\" text_text_shadow_style=\"preset5\" global_colors_info=\"{}\"]<\/p>\n<h2>Buchen Sie jetzt Ihren n\u00e4chsten Urlaub!<\/h2>\n<p>[\/et_pb_text][\/et_pb_column][\/et_pb_row][et_pb_row _builder_version=\"4.18.0\" _module_preset=\"default\" width=\"90%\" custom_padding=\"0px||0px||true|false\" global_colors_info=\"{}\"][et_pb_column type=\"4_4\" _builder_version=\"4.18.0\" _module_preset=\"default\" global_colors_info=\"{}\"][et_pb_button button_url=\"#search\" button_text=\"Klick hier\" button_alignment=\"center\" module_class=\"pos-bottom-btn\" _builder_version=\"4.19.2\" _module_preset=\"default\" custom_button=\"on\" button_text_color=\"#FFFFFF\" button_bg_color=\"#BF4136\" button_font=\"|600|||||||\" button_use_icon=\"off\" custom_padding=\"||||false|false\" custom_css_main_element=\"width:fit-content;||text-align:center;\" box_shadow_style=\"preset1\" box_shadow_color=\"#000000\" global_colors_info=\"{}\" button_border_radius__hover_enabled=\"on|desktop\" button_border_radius__hover=\"0px\" transform_styles__hover_enabled=\"on|hover\" transform_scale__hover_enabled=\"on|hover\" transform_translate__hover_enabled=\"on|desktop\" transform_rotate__hover_enabled=\"on|desktop\" transform_skew__hover_enabled=\"on|desktop\" transform_origin__hover_enabled=\"on|desktop\" transform_scale__hover=\"105%|105%\"][\/et_pb_button][\/et_pb_column][\/et_pb_row][\/et_pb_section]<\/p>\n","protected":false},"excerpt":{"rendered":"<p>DiensteVom Hotel angebotene DienstleistungenShuttleserviceShuttle zum und vom Flughafen zum Preis von 25 \u20acShuttle zu variablen Kosten, um Restaurants zu erreichen; 2\u00a0\u20ac f\u00fcr Restaurants im SAL REi-Gebiet, 20\u00a0\u20ac f\u00fcr Restaurants an weiter entfernten Str\u00e4ndenAusfl\u00fcge*Abendausflug zur Eiablage der \"caretta-caretta\"-Schildkr\u00f6te (von Mai bis Oktober)Vogel- und Walbeobachtungsausfl\u00fcgeNaturwanderungen zu Fu\u00df oder mit dem FahrradAusfl\u00fcge*Quad-TourenAusfl\u00fcge*Buggyfahrten*Die Preise werden zwischen den Parteien vor [&hellip;]<\/p>\n","protected":false},"author":1,"featured_media":0,"parent":0,"menu_order":0,"comment_status":"closed","ping_status":"closed","template":"","meta":{"_et_pb_use_builder":"on","_et_pb_old_content":"","_et_gb_content_width":"","footnotes":""},"class_list":["post-4606","page","type-page","status-publish","hentry"],"yoast_head":"<!-- This site is optimized with the Yoast SEO plugin v27.4 - https:\/\/yoast.com\/product\/yoast-seo-wordpress\/ -->\n<title>Dienstleistungen | Estoril Hotel<\/title>\n<meta name=\"description\" content=\"SPA, Hochzeiten, Musik und viele andere Dienstleistungen in unserem Hotel Odjo d&#039;agua\" \/>\n<meta name=\"robots\" content=\"index, follow, max-snippet:-1, max-image-preview:large, max-video-preview:-1\" \/>\n<link rel=\"canonical\" href=\"https:\/\/estorilboavista.com\/de\/dienstleistungen\/\" \/>\n<meta property=\"og:locale\" content=\"de_DE\" \/>\n<meta property=\"og:type\" content=\"article\" \/>\n<meta property=\"og:title\" content=\"Dienstleistungen | Estoril Hotel\" \/>\n<meta property=\"og:description\" content=\"SPA, Hochzeiten, Musik und viele andere Dienstleistungen in unserem Hotel Odjo d&#039;agua\" \/>\n<meta property=\"og:url\" content=\"https:\/\/estorilboavista.com\/de\/dienstleistungen\/\" \/>\n<meta property=\"og:site_name\" content=\"Hotel Estoril\" \/>\n<meta property=\"article:modified_time\" content=\"2025-11-21T17:56:16+00:00\" \/>\n<meta name=\"twitter:card\" content=\"summary_large_image\" \/>\n<meta name=\"twitter:label1\" content=\"Gesch\u00e4tzte Lesezeit\" \/>\n\t<meta name=\"twitter:data1\" content=\"10\u00a0Minuten\" \/>\n<script type=\"application\/ld+json\" class=\"yoast-schema-graph\">{\"@context\":\"https:\\\/\\\/schema.org\",\"@graph\":[{\"@type\":\"WebPage\",\"@id\":\"https:\\\/\\\/estorilboavista.com\\\/de\\\/dienstleistungen\\\/\",\"url\":\"https:\\\/\\\/estorilboavista.com\\\/de\\\/dienstleistungen\\\/\",\"name\":\"Dienstleistungen | Estoril Hotel\",\"isPartOf\":{\"@id\":\"https:\\\/\\\/estorilboavista.com\\\/de\\\/#website\"},\"datePublished\":\"2022-01-05T12:23:52+00:00\",\"dateModified\":\"2025-11-21T17:56:16+00:00\",\"description\":\"SPA, Hochzeiten, Musik und viele andere Dienstleistungen in unserem Hotel Odjo d'agua\",\"breadcrumb\":{\"@id\":\"https:\\\/\\\/estorilboavista.com\\\/de\\\/dienstleistungen\\\/#breadcrumb\"},\"inLanguage\":\"de\",\"potentialAction\":[{\"@type\":\"ReadAction\",\"target\":[\"https:\\\/\\\/estorilboavista.com\\\/de\\\/dienstleistungen\\\/\"]}]},{\"@type\":\"BreadcrumbList\",\"@id\":\"https:\\\/\\\/estorilboavista.com\\\/de\\\/dienstleistungen\\\/#breadcrumb\",\"itemListElement\":[{\"@type\":\"ListItem\",\"position\":1,\"name\":\"Home\",\"item\":\"https:\\\/\\\/estorilboavista.com\\\/de\\\/\"},{\"@type\":\"ListItem\",\"position\":2,\"name\":\"Dienstleistungen\"}]},{\"@type\":\"WebSite\",\"@id\":\"https:\\\/\\\/estorilboavista.com\\\/de\\\/#website\",\"url\":\"https:\\\/\\\/estorilboavista.com\\\/de\\\/\",\"name\":\"Estoril Boavista\",\"description\":\"Einen Steinwurf vom Meer entfernt\",\"publisher\":{\"@id\":\"https:\\\/\\\/estorilboavista.com\\\/de\\\/#organization\"},\"potentialAction\":[{\"@type\":\"SearchAction\",\"target\":{\"@type\":\"EntryPoint\",\"urlTemplate\":\"https:\\\/\\\/estorilboavista.com\\\/de\\\/?s={search_term_string}\"},\"query-input\":{\"@type\":\"PropertyValueSpecification\",\"valueRequired\":true,\"valueName\":\"search_term_string\"}}],\"inLanguage\":\"de\"},{\"@type\":\"Organization\",\"@id\":\"https:\\\/\\\/estorilboavista.com\\\/de\\\/#organization\",\"name\":\"Estoril Boavista\",\"url\":\"https:\\\/\\\/estorilboavista.com\\\/de\\\/\",\"logo\":{\"@type\":\"ImageObject\",\"inLanguage\":\"de\",\"@id\":\"https:\\\/\\\/estorilboavista.com\\\/de\\\/#\\\/schema\\\/logo\\\/image\\\/\",\"url\":\"\",\"contentUrl\":\"\",\"caption\":\"Estoril Boavista\"},\"image\":{\"@id\":\"https:\\\/\\\/estorilboavista.com\\\/de\\\/#\\\/schema\\\/logo\\\/image\\\/\"}}]}<\/script>\n<!-- \/ Yoast SEO plugin. -->","yoast_head_json":{"title":"Dienstleistungen | Estoril Hotel","description":"SPA, Hochzeiten, Musik und viele andere Dienstleistungen in unserem Hotel Odjo d'agua","robots":{"index":"index","follow":"follow","max-snippet":"max-snippet:-1","max-image-preview":"max-image-preview:large","max-video-preview":"max-video-preview:-1"},"canonical":"https:\/\/estorilboavista.com\/de\/dienstleistungen\/","og_locale":"de_DE","og_type":"article","og_title":"Dienstleistungen | Estoril Hotel","og_description":"SPA, Hochzeiten, Musik und viele andere Dienstleistungen in unserem Hotel Odjo d'agua","og_url":"https:\/\/estorilboavista.com\/de\/dienstleistungen\/","og_site_name":"Hotel Estoril","article_modified_time":"2025-11-21T17:56:16+00:00","twitter_card":"summary_large_image","twitter_misc":{"Gesch\u00e4tzte Lesezeit":"10\u00a0Minuten"},"schema":{"@context":"https:\/\/schema.org","@graph":[{"@type":"WebPage","@id":"https:\/\/estorilboavista.com\/de\/dienstleistungen\/","url":"https:\/\/estorilboavista.com\/de\/dienstleistungen\/","name":"Dienstleistungen | Estoril Hotel","isPartOf":{"@id":"https:\/\/estorilboavista.com\/de\/#website"},"datePublished":"2022-01-05T12:23:52+00:00","dateModified":"2025-11-21T17:56:16+00:00","description":"SPA, Hochzeiten, Musik und viele andere Dienstleistungen in unserem Hotel Odjo d'agua","breadcrumb":{"@id":"https:\/\/estorilboavista.com\/de\/dienstleistungen\/#breadcrumb"},"inLanguage":"de","potentialAction":[{"@type":"ReadAction","target":["https:\/\/estorilboavista.com\/de\/dienstleistungen\/"]}]},{"@type":"BreadcrumbList","@id":"https:\/\/estorilboavista.com\/de\/dienstleistungen\/#breadcrumb","itemListElement":[{"@type":"ListItem","position":1,"name":"Home","item":"https:\/\/estorilboavista.com\/de\/"},{"@type":"ListItem","position":2,"name":"Dienstleistungen"}]},{"@type":"WebSite","@id":"https:\/\/estorilboavista.com\/de\/#website","url":"https:\/\/estorilboavista.com\/de\/","name":"Estoril Boavista","description":"Einen Steinwurf vom Meer entfernt","publisher":{"@id":"https:\/\/estorilboavista.com\/de\/#organization"},"potentialAction":[{"@type":"SearchAction","target":{"@type":"EntryPoint","urlTemplate":"https:\/\/estorilboavista.com\/de\/?s={search_term_string}"},"query-input":{"@type":"PropertyValueSpecification","valueRequired":true,"valueName":"search_term_string"}}],"inLanguage":"de"},{"@type":"Organization","@id":"https:\/\/estorilboavista.com\/de\/#organization","name":"Estoril Boavista","url":"https:\/\/estorilboavista.com\/de\/","logo":{"@type":"ImageObject","inLanguage":"de","@id":"https:\/\/estorilboavista.com\/de\/#\/schema\/logo\/image\/","url":"","contentUrl":"","caption":"Estoril Boavista"},"image":{"@id":"https:\/\/estorilboavista.com\/de\/#\/schema\/logo\/image\/"}}]}},"_links":{"self":[{"href":"https:\/\/estorilboavista.com\/de\/wp-json\/wp\/v2\/pages\/4606","targetHints":{"allow":["GET"]}}],"collection":[{"href":"https:\/\/estorilboavista.com\/de\/wp-json\/wp\/v2\/pages"}],"about":[{"href":"https:\/\/estorilboavista.com\/de\/wp-json\/wp\/v2\/types\/page"}],"author":[{"embeddable":true,"href":"https:\/\/estorilboavista.com\/de\/wp-json\/wp\/v2\/users\/1"}],"replies":[{"embeddable":true,"href":"https:\/\/estorilboavista.com\/de\/wp-json\/wp\/v2\/comments?post=4606"}],"version-history":[{"count":49,"href":"https:\/\/estorilboavista.com\/de\/wp-json\/wp\/v2\/pages\/4606\/revisions"}],"predecessor-version":[{"id":5958,"href":"https:\/\/estorilboavista.com\/de\/wp-json\/wp\/v2\/pages\/4606\/revisions\/5958"}],"wp:attachment":[{"href":"https:\/\/estorilboavista.com\/de\/wp-json\/wp\/v2\/media?parent=4606"}],"curies":[{"name":"wp","href":"https:\/\/api.w.org\/{rel}","templated":true}]}}