{"id":5654,"date":"2023-01-11T13:08:55","date_gmt":"2023-01-11T14:08:55","guid":{"rendered":"https:\/\/estorilboavista.com\/bedingungen-und-konditionen\/"},"modified":"2023-01-12T10:04:00","modified_gmt":"2023-01-12T11:04:00","slug":"bedingungen-und-konditionen","status":"publish","type":"page","link":"https:\/\/estorilboavista.com\/de\/bedingungen-und-konditionen\/","title":{"rendered":"Bedingungen und Konditionen"},"content":{"rendered":"<p>Buchungsbest\u00e4tigung Ihre Buchung wird erst nach Zahlung einer Anzahlung endg\u00fcltig best\u00e4tigt. Dies kann \u00fcber Click-to-Pay erfolgen. Bei Nichtanreise wird die geforderte Kaution einbehalten. Stornierungskosten Das Wort \"Stornierung\" klingt unangenehm und ist es auch, f\u00fcr Sie und f\u00fcr uns! Bitte lesen Sie unsere VERHALTENSBEDINGUNGEN sorgf\u00e4ltig durch. Im Falle einer Stornierung wird die Anzahlung nicht zur\u00fcckerstattet. Mit der Angabe Ihrer Kreditkartendaten erkl\u00e4ren Sie sich automatisch damit einverstanden, dass im Falle einer Stornierung, versp\u00e4teten Ankunft oder vorzeitigen Abreise die angegebene Stornogeb\u00fchr abgezogen wird. Manchmal kann etwas vor Beginn der Reise passieren. Wir empfehlen Ihnen, eine Reiseversicherung abzuschlie\u00dfen. Allgemeine Gesch\u00e4ftsbedingungen, die f\u00fcr Vereinbarungen\/Vertr\u00e4ge zwischen dem Estoril Hotel LDA und den G\u00e4sten und\/oder der buchenden Person gelten. Stornierungsbedingungen: Mindestens 7 Tage vor dem vereinbarten Anreisetag des\/der Kunden kann der Hotelvertrag vom Kunden oder von der Person, die die Buchung vorgenommen hat, ohne Vertragsstrafe storniert werden. Die K\u00fcndigung muss schriftlich erfolgen. * Im Falle einer Stornierung durch den Gast oder die Person, die die Buchung vorgenommen hat, in der Zeit zwischen dem 7. Tag vor dem vereinbarten Anreisetag und dem tats\u00e4chlichen Anreisetag, ist der Gast verpflichtet, folgende Stornierungskosten zu zahlen: - Stornierung sp\u00e4testens 3 Tage vor dem Anreisetag 50% des vereinbarten Gesamtpreises;* - Stornierung ab 3 Tagen vor dem Anreisetag (oder Nichtanreise oder versp\u00e4tete Anreise oder vorzeitige Abreise): 100% des vereinbarten Gesamtpreises;* Die Stornierung muss schriftlich erfolgen und sp\u00e4testens zu den oben genannten Terminen (7, 3 Tage) vor dem vereinbarten Anreisetag des Gastes\/der G\u00e4ste beim Hotel eingehen. Falls der Gast nicht anreist und die gebuchten Zimmer nicht storniert werden, ist der Gast und\/oder die Person, die die Buchung vorgenommen hat, zur Zahlung von 100 % des vereinbarten Gesamtpreises verpflichtet. Der vereinbarte Preis ist der vereinbarte Preis f\u00fcr Unterkunft, Verpflegung und eventuell andere Dienstleistungen. Wenn einzelne Mitglieder nicht anreisen und\/oder nicht alle Zimmer storniert werden, ist der Gast bzw. die Person, die die Buchung vorgenommen hat, verpflichtet, die Stornogeb\u00fchr (wie oben aufgef\u00fchrt) f\u00fcr diese Betten\/Zimmer zu zahlen. *Bankgeb\u00fchren f\u00fcr eventuelle R\u00fcckerstattungen gehen zu Lasten des Gastes. Regelungen bei vorzeitiger Abreise des Gastes Bei vorzeitiger Abreise ist der Gast (sind die G\u00e4ste) verpflichtet, den Preis f\u00fcr den tats\u00e4chlichen Aufenthalt und 100 % des vereinbarten Preises f\u00fcr die nicht in Anspruch genommenen Restleistungen zu zahlen.<\/p>\n","protected":false},"excerpt":{"rendered":"<p>Buchungsbest\u00e4tigung Ihre Buchung wird erst nach Zahlung einer Anzahlung endg\u00fcltig best\u00e4tigt. Dies kann \u00fcber Click-to-Pay erfolgen. Bei Nichtanreise wird die geforderte Kaution einbehalten. Stornierungskosten Das Wort \"Stornierung\" klingt unangenehm und ist es auch, f\u00fcr Sie und f\u00fcr uns! Bitte lesen Sie unsere VERHALTENSBEDINGUNGEN sorgf\u00e4ltig durch. Im Falle einer Stornierung wird die Anzahlung nicht zur\u00fcckerstattet. Mit [&hellip;]<\/p>\n","protected":false},"author":1,"featured_media":0,"parent":0,"menu_order":0,"comment_status":"closed","ping_status":"closed","template":"","meta":{"_et_pb_use_builder":"","_et_pb_old_content":"","_et_gb_content_width":"","footnotes":""},"class_list":["post-5654","page","type-page","status-publish","hentry"],"yoast_head":"<!-- This site is optimized with the Yoast SEO plugin v27.4 - https:\/\/yoast.com\/product\/yoast-seo-wordpress\/ -->\n<title>Bedingungen und Konditionen - Hotel Estoril<\/title>\n<meta name=\"robots\" content=\"index, follow, max-snippet:-1, max-image-preview:large, max-video-preview:-1\" \/>\n<link rel=\"canonical\" href=\"https:\/\/estorilboavista.com\/de\/bedingungen-und-konditionen\/\" \/>\n<meta property=\"og:locale\" content=\"de_DE\" \/>\n<meta property=\"og:type\" content=\"article\" \/>\n<meta property=\"og:title\" content=\"Bedingungen und Konditionen - Hotel Estoril\" \/>\n<meta property=\"og:description\" content=\"Buchungsbest\u00e4tigung Ihre Buchung wird erst nach Zahlung einer Anzahlung endg\u00fcltig best\u00e4tigt. Dies kann \u00fcber Click-to-Pay erfolgen. Bei Nichtanreise wird die geforderte Kaution einbehalten. Stornierungskosten Das Wort &quot;Stornierung&quot; klingt unangenehm und ist es auch, f\u00fcr Sie und f\u00fcr uns! Bitte lesen Sie unsere VERHALTENSBEDINGUNGEN sorgf\u00e4ltig durch. Im Falle einer Stornierung wird die Anzahlung nicht zur\u00fcckerstattet. Mit [&hellip;]\" \/>\n<meta property=\"og:url\" content=\"https:\/\/estorilboavista.com\/de\/bedingungen-und-konditionen\/\" \/>\n<meta property=\"og:site_name\" content=\"Hotel Estoril\" \/>\n<meta property=\"article:modified_time\" content=\"2023-01-12T11:04:00+00:00\" \/>\n<meta name=\"twitter:card\" content=\"summary_large_image\" \/>\n<meta name=\"twitter:label1\" content=\"Gesch\u00e4tzte Lesezeit\" \/>\n\t<meta name=\"twitter:data1\" content=\"2\u00a0Minuten\" \/>\n<script type=\"application\/ld+json\" class=\"yoast-schema-graph\">{\"@context\":\"https:\\\/\\\/schema.org\",\"@graph\":[{\"@type\":\"WebPage\",\"@id\":\"https:\\\/\\\/estorilboavista.com\\\/de\\\/bedingungen-und-konditionen\\\/\",\"url\":\"https:\\\/\\\/estorilboavista.com\\\/de\\\/bedingungen-und-konditionen\\\/\",\"name\":\"Bedingungen und Konditionen - Hotel Estoril\",\"isPartOf\":{\"@id\":\"https:\\\/\\\/estorilboavista.com\\\/de\\\/#website\"},\"datePublished\":\"2023-01-11T14:08:55+00:00\",\"dateModified\":\"2023-01-12T11:04:00+00:00\",\"breadcrumb\":{\"@id\":\"https:\\\/\\\/estorilboavista.com\\\/de\\\/bedingungen-und-konditionen\\\/#breadcrumb\"},\"inLanguage\":\"de\",\"potentialAction\":[{\"@type\":\"ReadAction\",\"target\":[\"https:\\\/\\\/estorilboavista.com\\\/de\\\/bedingungen-und-konditionen\\\/\"]}]},{\"@type\":\"BreadcrumbList\",\"@id\":\"https:\\\/\\\/estorilboavista.com\\\/de\\\/bedingungen-und-konditionen\\\/#breadcrumb\",\"itemListElement\":[{\"@type\":\"ListItem\",\"position\":1,\"name\":\"Home\",\"item\":\"https:\\\/\\\/estorilboavista.com\\\/de\\\/\"},{\"@type\":\"ListItem\",\"position\":2,\"name\":\"Bedingungen und Konditionen\"}]},{\"@type\":\"WebSite\",\"@id\":\"https:\\\/\\\/estorilboavista.com\\\/de\\\/#website\",\"url\":\"https:\\\/\\\/estorilboavista.com\\\/de\\\/\",\"name\":\"Estoril Boavista\",\"description\":\"Einen Steinwurf vom Meer entfernt\",\"publisher\":{\"@id\":\"https:\\\/\\\/estorilboavista.com\\\/de\\\/#organization\"},\"potentialAction\":[{\"@type\":\"SearchAction\",\"target\":{\"@type\":\"EntryPoint\",\"urlTemplate\":\"https:\\\/\\\/estorilboavista.com\\\/de\\\/?s={search_term_string}\"},\"query-input\":{\"@type\":\"PropertyValueSpecification\",\"valueRequired\":true,\"valueName\":\"search_term_string\"}}],\"inLanguage\":\"de\"},{\"@type\":\"Organization\",\"@id\":\"https:\\\/\\\/estorilboavista.com\\\/de\\\/#organization\",\"name\":\"Estoril Boavista\",\"url\":\"https:\\\/\\\/estorilboavista.com\\\/de\\\/\",\"logo\":{\"@type\":\"ImageObject\",\"inLanguage\":\"de\",\"@id\":\"https:\\\/\\\/estorilboavista.com\\\/de\\\/#\\\/schema\\\/logo\\\/image\\\/\",\"url\":\"\",\"contentUrl\":\"\",\"caption\":\"Estoril Boavista\"},\"image\":{\"@id\":\"https:\\\/\\\/estorilboavista.com\\\/de\\\/#\\\/schema\\\/logo\\\/image\\\/\"}}]}<\/script>\n<!-- \/ Yoast SEO plugin. -->","yoast_head_json":{"title":"Bedingungen und Konditionen - Hotel Estoril","robots":{"index":"index","follow":"follow","max-snippet":"max-snippet:-1","max-image-preview":"max-image-preview:large","max-video-preview":"max-video-preview:-1"},"canonical":"https:\/\/estorilboavista.com\/de\/bedingungen-und-konditionen\/","og_locale":"de_DE","og_type":"article","og_title":"Bedingungen und Konditionen - Hotel Estoril","og_description":"Buchungsbest\u00e4tigung Ihre Buchung wird erst nach Zahlung einer Anzahlung endg\u00fcltig best\u00e4tigt. Dies kann \u00fcber Click-to-Pay erfolgen. Bei Nichtanreise wird die geforderte Kaution einbehalten. Stornierungskosten Das Wort \"Stornierung\" klingt unangenehm und ist es auch, f\u00fcr Sie und f\u00fcr uns! Bitte lesen Sie unsere VERHALTENSBEDINGUNGEN sorgf\u00e4ltig durch. Im Falle einer Stornierung wird die Anzahlung nicht zur\u00fcckerstattet. Mit [&hellip;]","og_url":"https:\/\/estorilboavista.com\/de\/bedingungen-und-konditionen\/","og_site_name":"Hotel Estoril","article_modified_time":"2023-01-12T11:04:00+00:00","twitter_card":"summary_large_image","twitter_misc":{"Gesch\u00e4tzte Lesezeit":"2\u00a0Minuten"},"schema":{"@context":"https:\/\/schema.org","@graph":[{"@type":"WebPage","@id":"https:\/\/estorilboavista.com\/de\/bedingungen-und-konditionen\/","url":"https:\/\/estorilboavista.com\/de\/bedingungen-und-konditionen\/","name":"Bedingungen und Konditionen - Hotel Estoril","isPartOf":{"@id":"https:\/\/estorilboavista.com\/de\/#website"},"datePublished":"2023-01-11T14:08:55+00:00","dateModified":"2023-01-12T11:04:00+00:00","breadcrumb":{"@id":"https:\/\/estorilboavista.com\/de\/bedingungen-und-konditionen\/#breadcrumb"},"inLanguage":"de","potentialAction":[{"@type":"ReadAction","target":["https:\/\/estorilboavista.com\/de\/bedingungen-und-konditionen\/"]}]},{"@type":"BreadcrumbList","@id":"https:\/\/estorilboavista.com\/de\/bedingungen-und-konditionen\/#breadcrumb","itemListElement":[{"@type":"ListItem","position":1,"name":"Home","item":"https:\/\/estorilboavista.com\/de\/"},{"@type":"ListItem","position":2,"name":"Bedingungen und Konditionen"}]},{"@type":"WebSite","@id":"https:\/\/estorilboavista.com\/de\/#website","url":"https:\/\/estorilboavista.com\/de\/","name":"Estoril Boavista","description":"Einen Steinwurf vom Meer entfernt","publisher":{"@id":"https:\/\/estorilboavista.com\/de\/#organization"},"potentialAction":[{"@type":"SearchAction","target":{"@type":"EntryPoint","urlTemplate":"https:\/\/estorilboavista.com\/de\/?s={search_term_string}"},"query-input":{"@type":"PropertyValueSpecification","valueRequired":true,"valueName":"search_term_string"}}],"inLanguage":"de"},{"@type":"Organization","@id":"https:\/\/estorilboavista.com\/de\/#organization","name":"Estoril Boavista","url":"https:\/\/estorilboavista.com\/de\/","logo":{"@type":"ImageObject","inLanguage":"de","@id":"https:\/\/estorilboavista.com\/de\/#\/schema\/logo\/image\/","url":"","contentUrl":"","caption":"Estoril Boavista"},"image":{"@id":"https:\/\/estorilboavista.com\/de\/#\/schema\/logo\/image\/"}}]}},"_links":{"self":[{"href":"https:\/\/estorilboavista.com\/de\/wp-json\/wp\/v2\/pages\/5654","targetHints":{"allow":["GET"]}}],"collection":[{"href":"https:\/\/estorilboavista.com\/de\/wp-json\/wp\/v2\/pages"}],"about":[{"href":"https:\/\/estorilboavista.com\/de\/wp-json\/wp\/v2\/types\/page"}],"author":[{"embeddable":true,"href":"https:\/\/estorilboavista.com\/de\/wp-json\/wp\/v2\/users\/1"}],"replies":[{"embeddable":true,"href":"https:\/\/estorilboavista.com\/de\/wp-json\/wp\/v2\/comments?post=5654"}],"version-history":[{"count":1,"href":"https:\/\/estorilboavista.com\/de\/wp-json\/wp\/v2\/pages\/5654\/revisions"}],"predecessor-version":[{"id":5655,"href":"https:\/\/estorilboavista.com\/de\/wp-json\/wp\/v2\/pages\/5654\/revisions\/5655"}],"wp:attachment":[{"href":"https:\/\/estorilboavista.com\/de\/wp-json\/wp\/v2\/media?parent=5654"}],"curies":[{"name":"wp","href":"https:\/\/api.w.org\/{rel}","templated":true}]}}