{"id":3792,"date":"2022-09-15T12:46:33","date_gmt":"2022-09-15T13:46:33","guid":{"rendered":"https:\/\/flamboyant-burnell.212-227-197-158.plesk.page\/verificar-reserva\/"},"modified":"2022-12-05T10:47:31","modified_gmt":"2022-12-05T11:47:31","slug":"verificar-reserva","status":"publish","type":"page","link":"https:\/\/estorilboavista.com\/pt-pt\/verificar-reserva\/","title":{"rendered":"Verificar reserva"},"content":{"rendered":"<p>[et_pb_section fb_built=\"1\" _builder_version=\"4.19.1\" _module_preset=\"default\" background_color=\"#bf4136\" background_enable_image=\"off\" width=\"100%\" max_width=\"100%\" module_alignment=\"center\" min_height=\"300px\" custom_css_main_element=\"display:flex;||align-items:flex-end;||\" da_disable_devices=\"off|off|off\" global_colors_info=\"{}\" da_is_popup=\"off\" da_exit_intent=\"off\" da_has_close=\"on\" da_alt_close=\"off\" da_dark_close=\"off\" da_not_modal=\"on\" da_is_singular=\"off\" da_with_loader=\"off\" da_has_shadow=\"on\"][et_pb_row _builder_version=\"4.18.0\" _module_preset=\"default\" positioning=\"none\" vertical_offset=\"-105px\" width=\"90%\" width_tablet=\"75%\" width_phone=\"90%\" width_last_edited=\"off|desktop\" module_alignment=\"center\" custom_margin=\"||||false|false\" custom_padding=\"||||false|false\" custom_css_main_element=\"display:flex;||align-items:center;\" global_colors_info=\"{}\" custom_css_main_element_last_edited=\"on|tablet\" custom_css_main_element_tablet=\"display:flex;||align-items:center;||flex-direction:column;\" custom_css_main_element_phone=\"display:flex;||align-items:center;||flex-direction:column;\"][et_pb_column type=\"4_4\" _builder_version=\"4.18.0\" _module_preset=\"default\" background_enable_color=\"off\" custom_padding=\"||||true|false\" global_colors_info=\"{}\"][et_pb_text _builder_version=\"4.18.0\" _module_preset=\"default\" text_font_size=\"22px\" header_text_align=\"center\" header_text_color=\"#FFFFFF\" header_font_size=\"4vw\" custom_margin=\"||0px||false|false\" global_colors_info=\"{}\"]<\/p>\n<h1>Encontrar reserva<\/h1>\n<p>[\/et_pb_text][\/et_pb_column][\/et_pb_row][\/et_pb_section][et_pb_section fb_built=\"1\" _builder_version=\"4.18.0\" _module_preset=\"default\" background_color=\"#FFFFFF\" custom_padding=\"5%||5%||true|false\" da_disable_devices=\"off|off|off\" global_colors_info=\"{}\" da_is_popup=\"off\" da_exit_intent=\"off\" da_has_close=\"on\" da_alt_close=\"off\" da_dark_close=\"off\" da_not_modal=\"on\" da_is_singular=\"off\" da_with_loader=\"off\" da_has_shadow=\"on\"][et_pb_row _builder_version=\"4.18.0\" _module_preset=\"default\" width=\"90%\" module_alignment=\"center\" custom_padding=\"0px||0px||true|false\" global_colors_info=\"{}\"][et_pb_column type=\"4_4\" _builder_version=\"4.18.0\" _module_preset=\"default\" global_colors_info=\"{}\"][et_pb_text _builder_version=\"4.18.0\" _module_preset=\"default\" global_colors_info=\"{}\"]<\/p>\n<p>Aqui voc\u00ea encontra todas as reservas feitas at\u00e9 agora em nosso site. Digite seu <strong>c\u00f3digo PIN<\/strong> ou <strong>n\u00famero de confirma\u00e7\u00e3o<\/strong> no campo de pesquisa apropriado.<\/p>\n<p>[\/et_pb_text][et_pb_code _builder_version=\"4.18.0\" _module_preset=\"default\" global_colors_info=\"{}\"]\n<div class=\"wrap plugin-container\">\n\n\t\n\t\n\t\r\n<form action=\"https:\/\/estorilboavista.com\/pt-pt\/verificar-reserva\/?option=com_vikbooking&amp;view=orderslist\" method=\"post\">\r\n\t<div class=\"vbsearchorderdiv\">\r\n\t\t<div class=\"vbsearchorderinner\">\r\n\t\t\t<span class=\"vbsearchordertitle\">Pesquisar Reservas<\/span>\r\n\t\t<\/div>\r\n\t\t<div class=\"vbo-bookings-list-search\">\r\n\t\t\t<span>Confirmation Number or PIN Code<\/span>\r\n\t\t\t<input type=\"text\" name=\"confirmnumber\" value=\"\" size=\"12\"\/> \r\n\t\t\t<input type=\"submit\" class=\"btn vbsearchordersubmit vbo-pref-color-btn\" name=\"vbsearchorder\" value=\"Pesquisar\"\/>\r\n\t\t<\/div>\r\n\t<\/div>\r\n<\/form>\r\n\r\n\n<\/div>\n[\/et_pb_code][\/et_pb_column][\/et_pb_row][\/et_pb_section][et_pb_section fb_built=\"1\" _builder_version=\"4.19.2\" _module_preset=\"default\" background_image=\"https:\/\/estorilboavista.com\/wp-content\/uploads\/2022\/12\/capa-sito-mobile.jpg\" parallax=\"on\" parallax_method=\"off\" min_height=\"400px\" da_disable_devices=\"off|off|off\" global_colors_info=\"{}\" da_is_popup=\"off\" da_exit_intent=\"off\" da_has_close=\"on\" da_alt_close=\"off\" da_dark_close=\"off\" da_not_modal=\"on\" da_is_singular=\"off\" da_with_loader=\"off\" da_has_shadow=\"on\"][et_pb_row _builder_version=\"4.18.0\" _module_preset=\"default\" width=\"90%\" module_alignment=\"center\" global_colors_info=\"{}\"][et_pb_column type=\"4_4\" _builder_version=\"4.18.0\" _module_preset=\"default\" global_colors_info=\"{}\"][et_pb_text _builder_version=\"4.18.0\" _module_preset=\"default\" text_font_size=\"22px\" header_font=\"|600|||||||\" header_font_size=\"41px\" header_2_font=\"|600|||||||\" header_2_text_align=\"center\" header_2_text_color=\"#ededed\" header_2_font_size=\"60px\" custom_margin=\"||0px||false|false\" global_colors_info=\"{}\"]<\/p>\n<h2>Problemas com a reserva?<\/h2>\n<p>[\/et_pb_text][\/et_pb_column][\/et_pb_row][et_pb_row _builder_version=\"4.18.0\" _module_preset=\"default\" width=\"90%\" custom_padding=\"0px||0px||true|false\" global_colors_info=\"{}\"][et_pb_column type=\"4_4\" _builder_version=\"4.18.0\" _module_preset=\"default\" global_colors_info=\"{}\"][et_pb_button button_text=\"Contacte-nos\" button_alignment=\"center\" module_class=\"pos-bottom-btn\" _builder_version=\"4.19.2\" _module_preset=\"default\" custom_button=\"on\" button_text_color=\"#1f5673\" button_bg_color=\"#ededed\" button_font=\"|600|||||||\" button_use_icon=\"off\" custom_padding=\"||||false|false\" hover_enabled=\"0\" custom_css_main_element=\"width:fit-content;||text-align:center;\" box_shadow_style=\"preset1\" box_shadow_vertical=\"0px\" box_shadow_spread=\"-5px\" box_shadow_color=\"rgba(0,0,0,0.5)\" global_colors_info=\"{}\" button_border_radius__hover_enabled=\"on|desktop\" button_border_radius__hover=\"0px\" transform_styles__hover_enabled=\"on|hover\" transform_scale__hover_enabled=\"on|hover\" transform_translate__hover_enabled=\"on|desktop\" transform_rotate__hover_enabled=\"on|desktop\" transform_skew__hover_enabled=\"on|desktop\" transform_origin__hover_enabled=\"on|desktop\" transform_scale__hover=\"105%|105%\" button_url=\"@ET-DC@eyJkeW5hbWljIjp0cnVlLCJjb250ZW50IjoicG9zdF9saW5rX3VybF9wYWdlIiwic2V0dGluZ3MiOnsicG9zdF9pZCI6IjI2ODIifX0=@\" _dynamic_attributes=\"button_url\" sticky_enabled=\"0\"][\/et_pb_button][\/et_pb_column][\/et_pb_row][\/et_pb_section]<\/p>\n","protected":false},"excerpt":{"rendered":"<p>Encontrar reservaAqui voc\u00ea encontra todas as reservas feitas at\u00e9 agora em nosso site. Digite seu c\u00f3digo PIN ou n\u00famero de confirma\u00e7\u00e3o no campo de pesquisa apropriado.\n<div class=\"wrap plugin-container\">\n\n\t\n\t\n\t\r\n<form action=\"https:\/\/estorilboavista.com\/pt-pt\/verificar-reserva\/?option=com_vikbooking&amp;view=orderslist\" method=\"post\">\r\n\t<div class=\"vbsearchorderdiv\">\r\n\t\t<div class=\"vbsearchorderinner\">\r\n\t\t\t<span class=\"vbsearchordertitle\">Pesquisar Reservas<\/span>\r\n\t\t<\/div>\r\n\t\t<div class=\"vbo-bookings-list-search\">\r\n\t\t\t<span>Confirmation Number or PIN Code<\/span>\r\n\t\t\t<input type=\"text\" name=\"confirmnumber\" value=\"\" size=\"12\"\/> \r\n\t\t\t<input type=\"submit\" class=\"btn vbsearchordersubmit vbo-pref-color-btn\" name=\"vbsearchorder\" value=\"Pesquisar\"\/>\r\n\t\t<\/div>\r\n\t<\/div>\r\n<\/form>\r\n\r\n\n<\/div>\nProblemas com a reserva?<\/p>\n","protected":false},"author":1,"featured_media":0,"parent":0,"menu_order":0,"comment_status":"closed","ping_status":"closed","template":"","meta":{"_et_pb_use_builder":"on","_et_pb_old_content":"","_et_gb_content_width":"","footnotes":""},"class_list":["post-3792","page","type-page","status-publish","hentry"],"yoast_head":"<!-- This site is optimized with the Yoast SEO plugin v27.4 - https:\/\/yoast.com\/product\/yoast-seo-wordpress\/ -->\n<title>Verificar reserva - Hotel Estoril<\/title>\n<meta name=\"robots\" content=\"index, follow, max-snippet:-1, max-image-preview:large, max-video-preview:-1\" \/>\n<link rel=\"canonical\" href=\"https:\/\/estorilboavista.com\/pt-pt\/verificar-reserva\/\" \/>\n<meta property=\"og:locale\" content=\"pt_PT\" \/>\n<meta property=\"og:type\" content=\"article\" \/>\n<meta property=\"og:title\" content=\"Verificar reserva - Hotel Estoril\" \/>\n<meta property=\"og:description\" content=\"Encontrar reservaAqui voc\u00ea encontra todas as reservas feitas at\u00e9 agora em nosso site. Digite seu c\u00f3digo PIN ou n\u00famero de confirma\u00e7\u00e3o no campo de pesquisa apropriado.Problemas com a reserva?\" \/>\n<meta property=\"og:url\" content=\"https:\/\/estorilboavista.com\/pt-pt\/verificar-reserva\/\" \/>\n<meta property=\"og:site_name\" content=\"Hotel Estoril\" \/>\n<meta property=\"article:modified_time\" content=\"2022-12-05T11:47:31+00:00\" \/>\n<meta name=\"twitter:card\" content=\"summary_large_image\" \/>\n<meta name=\"twitter:label1\" content=\"Tempo estimado de leitura\" \/>\n\t<meta name=\"twitter:data1\" content=\"4 minutos\" \/>\n<script type=\"application\/ld+json\" class=\"yoast-schema-graph\">{\"@context\":\"https:\\\/\\\/schema.org\",\"@graph\":[{\"@type\":\"WebPage\",\"@id\":\"https:\\\/\\\/estorilboavista.com\\\/pt-pt\\\/verificar-reserva\\\/\",\"url\":\"https:\\\/\\\/estorilboavista.com\\\/pt-pt\\\/verificar-reserva\\\/\",\"name\":\"Verificar reserva - Hotel Estoril\",\"isPartOf\":{\"@id\":\"https:\\\/\\\/estorilboavista.com\\\/pt-pt\\\/#website\"},\"datePublished\":\"2022-09-15T13:46:33+00:00\",\"dateModified\":\"2022-12-05T11:47:31+00:00\",\"breadcrumb\":{\"@id\":\"https:\\\/\\\/estorilboavista.com\\\/pt-pt\\\/verificar-reserva\\\/#breadcrumb\"},\"inLanguage\":\"pt-PT\",\"potentialAction\":[{\"@type\":\"ReadAction\",\"target\":[\"https:\\\/\\\/estorilboavista.com\\\/pt-pt\\\/verificar-reserva\\\/\"]}]},{\"@type\":\"BreadcrumbList\",\"@id\":\"https:\\\/\\\/estorilboavista.com\\\/pt-pt\\\/verificar-reserva\\\/#breadcrumb\",\"itemListElement\":[{\"@type\":\"ListItem\",\"position\":1,\"name\":\"Home\",\"item\":\"https:\\\/\\\/estorilboavista.com\\\/pt-pt\\\/\"},{\"@type\":\"ListItem\",\"position\":2,\"name\":\"Verificar reserva\"}]},{\"@type\":\"WebSite\",\"@id\":\"https:\\\/\\\/estorilboavista.com\\\/pt-pt\\\/#website\",\"url\":\"https:\\\/\\\/estorilboavista.com\\\/pt-pt\\\/\",\"name\":\"Estoril Boavista\",\"description\":\"A um passo do mar\",\"publisher\":{\"@id\":\"https:\\\/\\\/estorilboavista.com\\\/pt-pt\\\/#organization\"},\"potentialAction\":[{\"@type\":\"SearchAction\",\"target\":{\"@type\":\"EntryPoint\",\"urlTemplate\":\"https:\\\/\\\/estorilboavista.com\\\/pt-pt\\\/?s={search_term_string}\"},\"query-input\":{\"@type\":\"PropertyValueSpecification\",\"valueRequired\":true,\"valueName\":\"search_term_string\"}}],\"inLanguage\":\"pt-PT\"},{\"@type\":\"Organization\",\"@id\":\"https:\\\/\\\/estorilboavista.com\\\/pt-pt\\\/#organization\",\"name\":\"Estoril Boavista\",\"url\":\"https:\\\/\\\/estorilboavista.com\\\/pt-pt\\\/\",\"logo\":{\"@type\":\"ImageObject\",\"inLanguage\":\"pt-PT\",\"@id\":\"https:\\\/\\\/estorilboavista.com\\\/pt-pt\\\/#\\\/schema\\\/logo\\\/image\\\/\",\"url\":\"\",\"contentUrl\":\"\",\"caption\":\"Estoril Boavista\"},\"image\":{\"@id\":\"https:\\\/\\\/estorilboavista.com\\\/pt-pt\\\/#\\\/schema\\\/logo\\\/image\\\/\"}}]}<\/script>\n<!-- \/ Yoast SEO plugin. -->","yoast_head_json":{"title":"Verificar reserva - Hotel Estoril","robots":{"index":"index","follow":"follow","max-snippet":"max-snippet:-1","max-image-preview":"max-image-preview:large","max-video-preview":"max-video-preview:-1"},"canonical":"https:\/\/estorilboavista.com\/pt-pt\/verificar-reserva\/","og_locale":"pt_PT","og_type":"article","og_title":"Verificar reserva - Hotel Estoril","og_description":"Encontrar reservaAqui voc\u00ea encontra todas as reservas feitas at\u00e9 agora em nosso site. Digite seu c\u00f3digo PIN ou n\u00famero de confirma\u00e7\u00e3o no campo de pesquisa apropriado.Problemas com a reserva?","og_url":"https:\/\/estorilboavista.com\/pt-pt\/verificar-reserva\/","og_site_name":"Hotel Estoril","article_modified_time":"2022-12-05T11:47:31+00:00","twitter_card":"summary_large_image","twitter_misc":{"Tempo estimado de leitura":"4 minutos"},"schema":{"@context":"https:\/\/schema.org","@graph":[{"@type":"WebPage","@id":"https:\/\/estorilboavista.com\/pt-pt\/verificar-reserva\/","url":"https:\/\/estorilboavista.com\/pt-pt\/verificar-reserva\/","name":"Verificar reserva - Hotel Estoril","isPartOf":{"@id":"https:\/\/estorilboavista.com\/pt-pt\/#website"},"datePublished":"2022-09-15T13:46:33+00:00","dateModified":"2022-12-05T11:47:31+00:00","breadcrumb":{"@id":"https:\/\/estorilboavista.com\/pt-pt\/verificar-reserva\/#breadcrumb"},"inLanguage":"pt-PT","potentialAction":[{"@type":"ReadAction","target":["https:\/\/estorilboavista.com\/pt-pt\/verificar-reserva\/"]}]},{"@type":"BreadcrumbList","@id":"https:\/\/estorilboavista.com\/pt-pt\/verificar-reserva\/#breadcrumb","itemListElement":[{"@type":"ListItem","position":1,"name":"Home","item":"https:\/\/estorilboavista.com\/pt-pt\/"},{"@type":"ListItem","position":2,"name":"Verificar reserva"}]},{"@type":"WebSite","@id":"https:\/\/estorilboavista.com\/pt-pt\/#website","url":"https:\/\/estorilboavista.com\/pt-pt\/","name":"Estoril Boavista","description":"A um passo do mar","publisher":{"@id":"https:\/\/estorilboavista.com\/pt-pt\/#organization"},"potentialAction":[{"@type":"SearchAction","target":{"@type":"EntryPoint","urlTemplate":"https:\/\/estorilboavista.com\/pt-pt\/?s={search_term_string}"},"query-input":{"@type":"PropertyValueSpecification","valueRequired":true,"valueName":"search_term_string"}}],"inLanguage":"pt-PT"},{"@type":"Organization","@id":"https:\/\/estorilboavista.com\/pt-pt\/#organization","name":"Estoril Boavista","url":"https:\/\/estorilboavista.com\/pt-pt\/","logo":{"@type":"ImageObject","inLanguage":"pt-PT","@id":"https:\/\/estorilboavista.com\/pt-pt\/#\/schema\/logo\/image\/","url":"","contentUrl":"","caption":"Estoril Boavista"},"image":{"@id":"https:\/\/estorilboavista.com\/pt-pt\/#\/schema\/logo\/image\/"}}]}},"_links":{"self":[{"href":"https:\/\/estorilboavista.com\/pt-pt\/wp-json\/wp\/v2\/pages\/3792","targetHints":{"allow":["GET"]}}],"collection":[{"href":"https:\/\/estorilboavista.com\/pt-pt\/wp-json\/wp\/v2\/pages"}],"about":[{"href":"https:\/\/estorilboavista.com\/pt-pt\/wp-json\/wp\/v2\/types\/page"}],"author":[{"embeddable":true,"href":"https:\/\/estorilboavista.com\/pt-pt\/wp-json\/wp\/v2\/users\/1"}],"replies":[{"embeddable":true,"href":"https:\/\/estorilboavista.com\/pt-pt\/wp-json\/wp\/v2\/comments?post=3792"}],"version-history":[{"count":20,"href":"https:\/\/estorilboavista.com\/pt-pt\/wp-json\/wp\/v2\/pages\/3792\/revisions"}],"predecessor-version":[{"id":5007,"href":"https:\/\/estorilboavista.com\/pt-pt\/wp-json\/wp\/v2\/pages\/3792\/revisions\/5007"}],"wp:attachment":[{"href":"https:\/\/estorilboavista.com\/pt-pt\/wp-json\/wp\/v2\/media?parent=3792"}],"curies":[{"name":"wp","href":"https:\/\/api.w.org\/{rel}","templated":true}]}}