{"id":3795,"date":"2021-11-11T12:26:10","date_gmt":"2021-11-11T13:26:10","guid":{"rendered":"https:\/\/flamboyant-burnell.212-227-197-158.plesk.page\/sobre-nos\/"},"modified":"2025-11-21T16:48:10","modified_gmt":"2025-11-21T17:48:10","slug":"sobre-nos","status":"publish","type":"page","link":"https:\/\/estorilboavista.com\/pt-pt\/sobre-nos\/","title":{"rendered":"Sobre n\u00f3s"},"content":{"rendered":"<p>[et_pb_section fb_built=\"1\" _builder_version=\"4.19.2\" _module_preset=\"default\" background_color=\"#BF4136\" background_enable_image=\"off\" background_blend=\"multiply\" width=\"100%\" max_width=\"100%\" module_alignment=\"center\" min_height=\"100px\" max_height=\"266px\" max_height_tablet=\"160px\" max_height_phone=\"160px\" max_height_last_edited=\"on|tablet\" custom_css_main_element=\"display:flex;||align-items:flex-end;||\" da_disable_devices=\"off|off|off\" global_colors_info=\"{}\" da_is_popup=\"off\" da_exit_intent=\"off\" da_has_close=\"on\" da_alt_close=\"off\" da_dark_close=\"off\" da_not_modal=\"on\" da_is_singular=\"off\" da_with_loader=\"off\" da_has_shadow=\"on\"][et_pb_row _builder_version=\"4.18.0\" _module_preset=\"default\" positioning=\"none\" vertical_offset=\"-105px\" width=\"90%\" width_tablet=\"75%\" width_phone=\"90%\" width_last_edited=\"off|desktop\" module_alignment=\"center\" custom_margin=\"||||false|false\" custom_padding=\"||||false|false\" custom_css_main_element=\"display:flex;||align-items:center;\" global_colors_info=\"{}\" custom_css_main_element_last_edited=\"on|tablet\" custom_css_main_element_tablet=\"display:flex;||align-items:center;||flex-direction:column;\" custom_css_main_element_phone=\"display:flex;||align-items:center;||flex-direction:column;\"][et_pb_column type=\"4_4\" _builder_version=\"4.18.0\" _module_preset=\"default\" background_enable_color=\"off\" custom_padding=\"||||true|false\" global_colors_info=\"{}\"][et_pb_text _builder_version=\"4.19.2\" _module_preset=\"default\" text_font_size=\"22px\" header_text_align=\"center\" header_text_color=\"#FFFFFF\" header_font_size=\"4vw\" global_colors_info=\"{}\"]<\/p>\n<h1>Sobre n\u00f3s<\/h1>\n<p>[\/et_pb_text][\/et_pb_column][\/et_pb_row][\/et_pb_section][et_pb_section fb_built=\"1\" _builder_version=\"4.18.0\" _module_preset=\"default\" background_color=\"#ededed\" custom_padding=\"0px||0px|||\" da_disable_devices=\"off|off|off\" global_colors_info=\"{}\" da_is_popup=\"off\" da_exit_intent=\"off\" da_has_close=\"on\" da_alt_close=\"off\" da_dark_close=\"off\" da_not_modal=\"on\" da_is_singular=\"off\" da_with_loader=\"off\" da_has_shadow=\"on\"][et_pb_row _builder_version=\"4.19.1\" _module_preset=\"default\" module_alignment=\"center\" global_colors_info=\"{}\"][et_pb_column type=\"4_4\" _builder_version=\"4.19.1\" _module_preset=\"default\" global_colors_info=\"{}\" z_index__hover_enabled=\"off|desktop\"][et_pb_text _builder_version=\"4.18.0\" _module_preset=\"default\" text_font_size=\"22px\" header_font=\"|600|||||||\" header_font_size=\"41px\" header_2_font=\"|600|||||||\" header_2_text_align=\"center\" header_2_text_color=\"#BF4136\" header_2_font_size=\"60px\" custom_margin=\"||0px||false|false\" global_colors_info=\"{}\"]<\/p>\n<h2>A nossa hist\u00f3ria<\/h2>\n<p>[\/et_pb_text][et_pb_divider divider_weight=\"2px\" _builder_version=\"4.18.0\" _module_preset=\"default\" max_width=\"50%\" module_alignment=\"center\" custom_margin=\"0px||0px||true|false\" custom_padding=\"0px||0px||true|false\" global_colors_info=\"{}\"][\/et_pb_divider][et_pb_image src=\"https:\/\/estorilboavista.com\/wp-content\/uploads\/2022\/11\/estoril-boavista-capo-verde.jpg\" title_text=\"estoril boavista capo verde\" align=\"center\" _builder_version=\"4.19.2\" _module_preset=\"default\" module_alignment=\"center\" filter_saturate=\"85%\" filter_contrast=\"101%\" filter_sepia=\"60%\" global_colors_info=\"{}\"][\/et_pb_image][et_pb_text _builder_version=\"4.19.1\" _module_preset=\"default\" global_colors_info=\"{}\"]<\/p>\n<p>As estruturas do <em>Estoril<\/em> nasceram nos anos 2000 da vontade de um dos primeiros investidores italianos que de imediato percebeu a extraordin\u00e1ria beleza da Ilha da Boa Vista, a maravilhosa disponibilidade e simpatia dos habitantes e as oportunidades que a natureza selvagem poderia oferecer. Completamente renovados durante os anos de 2021 e 2022, hoje apresentam-se como apartamentos e hot\u00e9is muito agrad\u00e1veis, ambos <em><strong>a dois passos do mar<\/strong><\/em>!<\/p>\n<p>Os hot\u00e9is e apartamentos situam-se a cerca de 100 metros de uma das muitas praias da ilha da Boa Vista, a \"praia Estoril\" que lhes d\u00e1 o nome. Localizados \u00e0 entrada da capital da Ilha da Boa Vista (Sal Rei), encontram-se a menos de 10 minutos do Aeroporto Internacional Aristides Pereira.<\/p>\n<p>A estrutura arquitet\u00f4nica muito agrad\u00e1vel proporciona ao h\u00f3spede a sensa\u00e7\u00e3o de se sentir naturalmente mimado, em harmonia com o meio ambiente e a natureza. A ordem e limpeza s\u00f3 se igualam \u00e0 simpatia dos funcion\u00e1rios \ud83d\ude42 Com a entrada no grupo dos \"<em>Estoril Apartments<\/em>\" a oferta alarga-se agora tamb\u00e9m para estadias tur\u00edsticas mais prolongadas e\/ou para profissionais que ir\u00e3o poder\u00e1 aproveitar o WiFi dedicado com uma velocidade m\u00e9dia de download de 30Mbit\/s.<\/p>\n<p>[\/et_pb_text][et_pb_image src=\"https:\/\/estorilboavista.com\/wp-content\/uploads\/2022\/12\/IMG202210141313131.jpg\" title_text=\"IMG202210141313131\" align=\"center\" _builder_version=\"4.19.2\" _module_preset=\"default\" global_colors_info=\"{}\"][\/et_pb_image][\/et_pb_column][\/et_pb_row][\/et_pb_section][et_pb_section fb_built=\"1\" _builder_version=\"4.18.0\" _module_preset=\"default\" da_disable_devices=\"off|off|off\" global_colors_info=\"{}\" da_is_popup=\"off\" da_exit_intent=\"off\" da_has_close=\"on\" da_alt_close=\"off\" da_dark_close=\"off\" da_not_modal=\"on\" da_is_singular=\"off\" da_with_loader=\"off\" da_has_shadow=\"on\"][et_pb_row column_structure=\"3_5,1_5,1_5\" _builder_version=\"4.18.0\" _module_preset=\"default\" width=\"90%\" module_alignment=\"center\" custom_padding=\"||0px|||\" global_colors_info=\"{}\"][et_pb_column type=\"3_5\" _builder_version=\"4.18.0\" _module_preset=\"default\" global_colors_info=\"{}\"][et_pb_text _builder_version=\"4.19.2\" _module_preset=\"default\" text_font_size=\"22px\" header_font=\"|600|||||||\" header_font_size=\"41px\" header_2_font=\"|600|||||||\" header_2_text_align=\"center\" header_2_text_color=\"#BF4136\" header_2_font_size=\"60px\" custom_margin=\"-1em||0px||false|false\" global_colors_info=\"{}\"]Informa\u00e7\u00f5es sobre as instala\u00e7\u00f5es[\/et_pb_text][et_pb_divider divider_weight=\"2px\" _builder_version=\"4.18.0\" _module_preset=\"default\" max_width=\"50%\" module_alignment=\"center\" custom_margin=\"0px||0px||true|false\" custom_padding=\"0px||0px||true|false\" global_colors_info=\"{}\"][\/et_pb_divider][et_pb_text _builder_version=\"4.19.1\" _module_preset=\"default\" custom_margin=\"||25px||false|false\" global_colors_info=\"{}\"]<\/p>\n<p>O<strong> hotel Estoril<\/strong> disp\u00f5e de <strong>22 quartos<\/strong> todos com possibilidade de uso duplo ou individual. Quatro quartos s\u00e3o comunicantes (dois a dois) de forma a permitir o alojamento de grupos familiares. Os quartos est\u00e3o dispostos em dois pisos ligados por uma <strong>grande varanda<\/strong> e disp\u00f5em de uma <strong>zona comum<\/strong> para <strong>relaxar<\/strong> ou <strong>ler<\/strong>. Cada quarto est\u00e1 equipado com um ventilador de teto, \u00e9 <strong>muito claro<\/strong> e <strong>ventilado<\/strong> por pelo menos duas janelas, o banheiro, com pia, vaso sanit\u00e1rio, bid\u00ea e chuveiro tem janela.<\/p>\n<p>Dois quartos t\u00eam casa de banho com ventila\u00e7\u00e3o for\u00e7ada. O quarto \u00e9 <strong>todo mobiliado<\/strong>, al\u00e9m da cama h\u00e1 mesa com cadeira, <strong>geladeira<\/strong>, <strong>smart TV<\/strong>, sistema<strong> wi-fi<\/strong> com <strong>fibra<\/strong>.<\/p>\n<p>A <strong>limpeza<\/strong> dos quartos e a troca de roupa de cama s\u00e3o realizadas <strong>diariamente<\/strong>. <strong>Desde 2022<\/strong>, a estrutura hoteleira se <strong>expandiu<\/strong> para incluir <strong>24 apartamentos<\/strong> no Residence Cardeal nas proximidades.<\/p>\n<p>Na resid\u00eancia existem: oito est\u00fadios com duas \/ tr\u00eas camas e os restantes <strong>espa\u00e7osos apartamentos<\/strong> de tr\u00eas quartos com 4\/6 camas. Os <strong>apartamentos<\/strong> est\u00e3o <strong>totalmente<\/strong> <strong>mobilados<\/strong> e equipados.<\/p>\n<p>A <strong>estrutura<\/strong> \u00e9 muito <strong>clara<\/strong> e <strong>aberta<\/strong>, com um <strong>grande jardim interno<\/strong> bem cuidado e um lindo jardim externo com plantas nativas e palmeiras. A resid\u00eancia oferece a tranquilidade necess\u00e1ria para per\u00edodos m\u00e9dio-longos de descanso e refresco. Estrutura adequada para os novos \"n\u00f4mades digitais\" ou para pessoas que precisam da \u00faltima gera\u00e7\u00e3o de conex\u00f5es online.<\/p>\n<p>[\/et_pb_text][et_pb_button button_url=\"@ET-DC@eyJkeW5hbWljIjp0cnVlLCJjb250ZW50IjoicG9zdF9saW5rX3VybF9wYWdlIiwic2V0dGluZ3MiOnsicG9zdF9pZCI6IjM3MTkifX0=@\" button_text=\"Ver os quartos\" button_alignment=\"center\" module_class=\"pos-bottom-btn\" _builder_version=\"4.19.1\" _dynamic_attributes=\"button_url\" _module_preset=\"default\" custom_button=\"on\" button_text_color=\"#ededed\" button_bg_color=\"#BF4136\" button_font=\"|600|||||||\" button_use_icon=\"off\" custom_padding=\"||||false|false\" custom_css_main_element=\"width:fit-content;||text-align:center;\" box_shadow_style=\"preset1\" box_shadow_vertical=\"0px\" box_shadow_spread=\"-5px\" box_shadow_color=\"rgba(0,0,0,0.5)\" global_colors_info=\"{}\" button_border_radius__hover_enabled=\"on|desktop\" button_border_radius__hover=\"0px\" transform_styles__hover_enabled=\"on|hover\" transform_scale__hover_enabled=\"on|hover\" transform_translate__hover_enabled=\"on|desktop\" transform_rotate__hover_enabled=\"on|desktop\" transform_skew__hover_enabled=\"on|desktop\" transform_origin__hover_enabled=\"on|desktop\" transform_scale__hover=\"105%|105%\"][\/et_pb_button][\/et_pb_column][et_pb_column type=\"1_5\" _builder_version=\"4.18.0\" _module_preset=\"default\" global_colors_info=\"{}\"][et_pb_image src=\"https:\/\/estorilboavista.com\/wp-content\/uploads\/2022\/11\/estoril-boavista-capo-verde.jpg\" title_text=\"estoril boavista capo verde\" show_in_lightbox=\"on\" _builder_version=\"4.19.1\" _module_preset=\"default\" global_colors_info=\"{}\"][\/et_pb_image][et_pb_image src=\"https:\/\/estorilboavista.com\/wp-content\/uploads\/2022\/11\/estoril-boavista-capo-verde_2.jpg\" title_text=\"estoril boavista capo verde_2\" show_in_lightbox=\"on\" _builder_version=\"4.19.1\" _module_preset=\"default\" global_colors_info=\"{}\"][\/et_pb_image][et_pb_image src=\"https:\/\/estorilboavista.com\/wp-content\/uploads\/2022\/12\/IMG2022101413131cc1.jpg\" title_text=\"IMG2022101413131cc1\" show_in_lightbox=\"on\" _builder_version=\"4.19.1\" _module_preset=\"default\" global_colors_info=\"{}\"][\/et_pb_image][et_pb_image src=\"https:\/\/estorilboavista.com\/wp-content\/uploads\/2022\/12\/IMG202210141313131.jpg\" title_text=\"IMG202210141313131\" show_in_lightbox=\"on\" _builder_version=\"4.19.1\" _module_preset=\"default\" global_colors_info=\"{}\"][\/et_pb_image][\/et_pb_column][et_pb_column type=\"1_5\" _builder_version=\"4.18.0\" _module_preset=\"default\" global_colors_info=\"{}\"][et_pb_image src=\"https:\/\/estorilboavista.com\/wp-content\/uploads\/2022\/11\/estoril-boavista-capo-verde_3.jpg\" title_text=\"estoril boavista capo verde_3\" show_in_lightbox=\"on\" _builder_version=\"4.19.1\" _module_preset=\"default\" global_colors_info=\"{}\"][\/et_pb_image][et_pb_image src=\"https:\/\/estorilboavista.com\/wp-content\/uploads\/2022\/11\/estoril-boavista-capo-verde_7.jpg\" title_text=\"estoril boavista capo verde_7\" show_in_lightbox=\"on\" _builder_version=\"4.19.1\" _module_preset=\"default\" global_colors_info=\"{}\"][\/et_pb_image][et_pb_image src=\"https:\/\/estorilboavista.com\/wp-content\/uploads\/2022\/12\/IMG20221014131312.jpg\" title_text=\"IMG20221014131312\" show_in_lightbox=\"on\" _builder_version=\"4.19.1\" _module_preset=\"default\" global_colors_info=\"{}\"][\/et_pb_image][et_pb_image src=\"https:\/\/estorilboavista.com\/wp-content\/uploads\/2022\/12\/IMG20221014131311.jpg\" title_text=\"IMG20221014131311\" show_in_lightbox=\"on\" _builder_version=\"4.19.1\" _module_preset=\"default\" global_colors_info=\"{}\"][\/et_pb_image][\/et_pb_column][\/et_pb_row][\/et_pb_section][et_pb_section fb_built=\"1\" _builder_version=\"4.19.1\" _module_preset=\"default\" background_image=\"https:\/\/estorilboavista.com\/wp-content\/uploads\/2022\/12\/varandinha-top-scaled.jpg\" background_size=\"custom\" background_position=\"bottom_right\" background_vertical_offset=\"45%\" min_height=\"400px\" da_disable_devices=\"off|off|off\" global_colors_info=\"{}\" da_is_popup=\"off\" da_exit_intent=\"off\" da_has_close=\"on\" da_alt_close=\"off\" da_dark_close=\"off\" da_not_modal=\"on\" da_is_singular=\"off\" da_with_loader=\"off\" da_has_shadow=\"on\"][et_pb_row _builder_version=\"4.18.0\" _module_preset=\"default\" width=\"90%\" module_alignment=\"center\" global_colors_info=\"{}\"][et_pb_column type=\"4_4\" _builder_version=\"4.18.0\" _module_preset=\"default\" global_colors_info=\"{}\"][et_pb_text _builder_version=\"4.19.1\" _module_preset=\"default\" text_font_size=\"22px\" header_font=\"|600|||||||\" header_font_size=\"41px\" header_2_font=\"|600|||||||\" header_2_text_align=\"center\" header_2_text_color=\"#ededed\" header_2_font_size=\"60px\" custom_margin=\"2em||||false|false\" text_text_shadow_style=\"preset5\" global_colors_info=\"{}\"]<\/p>\n<h2>Reserve suas pr\u00f3ximas f\u00e9rias agora!<\/h2>\n<p>[\/et_pb_text][\/et_pb_column][\/et_pb_row][et_pb_row _builder_version=\"4.18.0\" _module_preset=\"default\" width=\"90%\" custom_padding=\"0px||0px||true|false\" global_colors_info=\"{}\"][et_pb_column type=\"4_4\" _builder_version=\"4.18.0\" _module_preset=\"default\" global_colors_info=\"{}\"][et_pb_button button_url=\"@ET-DC@eyJkeW5hbWljIjp0cnVlLCJjb250ZW50IjoicG9zdF9saW5rX3VybF9wYWdlIiwic2V0dGluZ3MiOnsicG9zdF9pZCI6IjM3MTkifX0=@\" button_text=\"Clicca qui\" button_alignment=\"center\" module_class=\"pos-bottom-btn\" _builder_version=\"4.19.2\" _dynamic_attributes=\"button_url\" _module_preset=\"default\" custom_button=\"on\" button_text_color=\"#FFFFFF\" button_bg_color=\"#BF4136\" button_font=\"|600|||||||\" button_use_icon=\"off\" custom_padding=\"||||false|false\" custom_css_main_element=\"width:fit-content;||text-align:center;\" box_shadow_style=\"preset1\" box_shadow_color=\"#000000\" global_colors_info=\"{}\" button_border_radius__hover_enabled=\"on|desktop\" button_border_radius__hover=\"0px\" transform_styles__hover_enabled=\"on|hover\" transform_scale__hover_enabled=\"on|hover\" transform_translate__hover_enabled=\"on|desktop\" transform_rotate__hover_enabled=\"on|desktop\" transform_skew__hover_enabled=\"on|desktop\" transform_origin__hover_enabled=\"on|desktop\" transform_scale__hover=\"105%|105%\"][\/et_pb_button][\/et_pb_column][\/et_pb_row][\/et_pb_section]<\/p>\n","protected":false},"excerpt":{"rendered":"<p>Sobre n\u00f3sA nossa hist\u00f3riaAs estruturas do Estoril nasceram nos anos 2000 da vontade de um dos primeiros investidores italianos que de imediato percebeu a extraordin\u00e1ria beleza da Ilha da Boa Vista, a maravilhosa disponibilidade e simpatia dos habitantes e as oportunidades que a natureza selvagem poderia oferecer. Completamente renovados durante os anos de 2021 e [&hellip;]<\/p>\n","protected":false},"author":1,"featured_media":0,"parent":0,"menu_order":0,"comment_status":"closed","ping_status":"closed","template":"","meta":{"_et_pb_use_builder":"on","_et_pb_old_content":"<!-- wp:divi\/placeholder \/-->","_et_gb_content_width":"","footnotes":""},"class_list":["post-3795","page","type-page","status-publish","hentry"],"yoast_head":"<!-- This site is optimized with the Yoast SEO plugin v27.4 - https:\/\/yoast.com\/product\/yoast-seo-wordpress\/ -->\n<title>Sobre n\u00f3s | Hotel Estroil<\/title>\n<meta name=\"description\" content=\"Hotel Odjo d&#039;agua localizado perto da praia de Santa Maria em Cabo Verde. O hotel oferece servi\u00e7os e atividades para todos, como SPA, windsurf e muito mais!\" \/>\n<meta name=\"robots\" content=\"index, follow, max-snippet:-1, max-image-preview:large, max-video-preview:-1\" \/>\n<link rel=\"canonical\" href=\"https:\/\/estorilboavista.com\/pt-pt\/sobre-nos\/\" \/>\n<meta property=\"og:locale\" content=\"pt_PT\" \/>\n<meta property=\"og:type\" content=\"article\" \/>\n<meta property=\"og:title\" content=\"Sobre n\u00f3s | Hotel Estroil\" \/>\n<meta property=\"og:description\" content=\"Hotel Odjo d&#039;agua localizado perto da praia de Santa Maria em Cabo Verde. O hotel oferece servi\u00e7os e atividades para todos, como SPA, windsurf e muito mais!\" \/>\n<meta property=\"og:url\" content=\"https:\/\/estorilboavista.com\/pt-pt\/sobre-nos\/\" \/>\n<meta property=\"og:site_name\" content=\"Hotel Estoril\" \/>\n<meta property=\"article:modified_time\" content=\"2025-11-21T17:48:10+00:00\" \/>\n<meta name=\"twitter:card\" content=\"summary_large_image\" \/>\n<meta name=\"twitter:label1\" content=\"Tempo estimado de leitura\" \/>\n\t<meta name=\"twitter:data1\" content=\"9 minutos\" \/>\n<script type=\"application\/ld+json\" class=\"yoast-schema-graph\">{\"@context\":\"https:\\\/\\\/schema.org\",\"@graph\":[{\"@type\":\"WebPage\",\"@id\":\"https:\\\/\\\/estorilboavista.com\\\/pt-pt\\\/sobre-nos\\\/\",\"url\":\"https:\\\/\\\/estorilboavista.com\\\/pt-pt\\\/sobre-nos\\\/\",\"name\":\"Sobre n\u00f3s | Hotel Estroil\",\"isPartOf\":{\"@id\":\"https:\\\/\\\/estorilboavista.com\\\/pt-pt\\\/#website\"},\"datePublished\":\"2021-11-11T13:26:10+00:00\",\"dateModified\":\"2025-11-21T17:48:10+00:00\",\"description\":\"Hotel Odjo d'agua localizado perto da praia de Santa Maria em Cabo Verde. O hotel oferece servi\u00e7os e atividades para todos, como SPA, windsurf e muito mais!\",\"breadcrumb\":{\"@id\":\"https:\\\/\\\/estorilboavista.com\\\/pt-pt\\\/sobre-nos\\\/#breadcrumb\"},\"inLanguage\":\"pt-PT\",\"potentialAction\":[{\"@type\":\"ReadAction\",\"target\":[\"https:\\\/\\\/estorilboavista.com\\\/pt-pt\\\/sobre-nos\\\/\"]}]},{\"@type\":\"BreadcrumbList\",\"@id\":\"https:\\\/\\\/estorilboavista.com\\\/pt-pt\\\/sobre-nos\\\/#breadcrumb\",\"itemListElement\":[{\"@type\":\"ListItem\",\"position\":1,\"name\":\"Home\",\"item\":\"https:\\\/\\\/estorilboavista.com\\\/pt-pt\\\/\"},{\"@type\":\"ListItem\",\"position\":2,\"name\":\"Sobre n\u00f3s\"}]},{\"@type\":\"WebSite\",\"@id\":\"https:\\\/\\\/estorilboavista.com\\\/pt-pt\\\/#website\",\"url\":\"https:\\\/\\\/estorilboavista.com\\\/pt-pt\\\/\",\"name\":\"Estoril Boavista\",\"description\":\"A um passo do mar\",\"publisher\":{\"@id\":\"https:\\\/\\\/estorilboavista.com\\\/pt-pt\\\/#organization\"},\"potentialAction\":[{\"@type\":\"SearchAction\",\"target\":{\"@type\":\"EntryPoint\",\"urlTemplate\":\"https:\\\/\\\/estorilboavista.com\\\/pt-pt\\\/?s={search_term_string}\"},\"query-input\":{\"@type\":\"PropertyValueSpecification\",\"valueRequired\":true,\"valueName\":\"search_term_string\"}}],\"inLanguage\":\"pt-PT\"},{\"@type\":\"Organization\",\"@id\":\"https:\\\/\\\/estorilboavista.com\\\/pt-pt\\\/#organization\",\"name\":\"Estoril Boavista\",\"url\":\"https:\\\/\\\/estorilboavista.com\\\/pt-pt\\\/\",\"logo\":{\"@type\":\"ImageObject\",\"inLanguage\":\"pt-PT\",\"@id\":\"https:\\\/\\\/estorilboavista.com\\\/pt-pt\\\/#\\\/schema\\\/logo\\\/image\\\/\",\"url\":\"\",\"contentUrl\":\"\",\"caption\":\"Estoril Boavista\"},\"image\":{\"@id\":\"https:\\\/\\\/estorilboavista.com\\\/pt-pt\\\/#\\\/schema\\\/logo\\\/image\\\/\"}}]}<\/script>\n<!-- \/ Yoast SEO plugin. -->","yoast_head_json":{"title":"Sobre n\u00f3s | Hotel Estroil","description":"Hotel Odjo d'agua localizado perto da praia de Santa Maria em Cabo Verde. O hotel oferece servi\u00e7os e atividades para todos, como SPA, windsurf e muito mais!","robots":{"index":"index","follow":"follow","max-snippet":"max-snippet:-1","max-image-preview":"max-image-preview:large","max-video-preview":"max-video-preview:-1"},"canonical":"https:\/\/estorilboavista.com\/pt-pt\/sobre-nos\/","og_locale":"pt_PT","og_type":"article","og_title":"Sobre n\u00f3s | Hotel Estroil","og_description":"Hotel Odjo d'agua localizado perto da praia de Santa Maria em Cabo Verde. O hotel oferece servi\u00e7os e atividades para todos, como SPA, windsurf e muito mais!","og_url":"https:\/\/estorilboavista.com\/pt-pt\/sobre-nos\/","og_site_name":"Hotel Estoril","article_modified_time":"2025-11-21T17:48:10+00:00","twitter_card":"summary_large_image","twitter_misc":{"Tempo estimado de leitura":"9 minutos"},"schema":{"@context":"https:\/\/schema.org","@graph":[{"@type":"WebPage","@id":"https:\/\/estorilboavista.com\/pt-pt\/sobre-nos\/","url":"https:\/\/estorilboavista.com\/pt-pt\/sobre-nos\/","name":"Sobre n\u00f3s | Hotel Estroil","isPartOf":{"@id":"https:\/\/estorilboavista.com\/pt-pt\/#website"},"datePublished":"2021-11-11T13:26:10+00:00","dateModified":"2025-11-21T17:48:10+00:00","description":"Hotel Odjo d'agua localizado perto da praia de Santa Maria em Cabo Verde. O hotel oferece servi\u00e7os e atividades para todos, como SPA, windsurf e muito mais!","breadcrumb":{"@id":"https:\/\/estorilboavista.com\/pt-pt\/sobre-nos\/#breadcrumb"},"inLanguage":"pt-PT","potentialAction":[{"@type":"ReadAction","target":["https:\/\/estorilboavista.com\/pt-pt\/sobre-nos\/"]}]},{"@type":"BreadcrumbList","@id":"https:\/\/estorilboavista.com\/pt-pt\/sobre-nos\/#breadcrumb","itemListElement":[{"@type":"ListItem","position":1,"name":"Home","item":"https:\/\/estorilboavista.com\/pt-pt\/"},{"@type":"ListItem","position":2,"name":"Sobre n\u00f3s"}]},{"@type":"WebSite","@id":"https:\/\/estorilboavista.com\/pt-pt\/#website","url":"https:\/\/estorilboavista.com\/pt-pt\/","name":"Estoril Boavista","description":"A um passo do mar","publisher":{"@id":"https:\/\/estorilboavista.com\/pt-pt\/#organization"},"potentialAction":[{"@type":"SearchAction","target":{"@type":"EntryPoint","urlTemplate":"https:\/\/estorilboavista.com\/pt-pt\/?s={search_term_string}"},"query-input":{"@type":"PropertyValueSpecification","valueRequired":true,"valueName":"search_term_string"}}],"inLanguage":"pt-PT"},{"@type":"Organization","@id":"https:\/\/estorilboavista.com\/pt-pt\/#organization","name":"Estoril Boavista","url":"https:\/\/estorilboavista.com\/pt-pt\/","logo":{"@type":"ImageObject","inLanguage":"pt-PT","@id":"https:\/\/estorilboavista.com\/pt-pt\/#\/schema\/logo\/image\/","url":"","contentUrl":"","caption":"Estoril Boavista"},"image":{"@id":"https:\/\/estorilboavista.com\/pt-pt\/#\/schema\/logo\/image\/"}}]}},"_links":{"self":[{"href":"https:\/\/estorilboavista.com\/pt-pt\/wp-json\/wp\/v2\/pages\/3795","targetHints":{"allow":["GET"]}}],"collection":[{"href":"https:\/\/estorilboavista.com\/pt-pt\/wp-json\/wp\/v2\/pages"}],"about":[{"href":"https:\/\/estorilboavista.com\/pt-pt\/wp-json\/wp\/v2\/types\/page"}],"author":[{"embeddable":true,"href":"https:\/\/estorilboavista.com\/pt-pt\/wp-json\/wp\/v2\/users\/1"}],"replies":[{"embeddable":true,"href":"https:\/\/estorilboavista.com\/pt-pt\/wp-json\/wp\/v2\/comments?post=3795"}],"version-history":[{"count":43,"href":"https:\/\/estorilboavista.com\/pt-pt\/wp-json\/wp\/v2\/pages\/3795\/revisions"}],"predecessor-version":[{"id":5954,"href":"https:\/\/estorilboavista.com\/pt-pt\/wp-json\/wp\/v2\/pages\/3795\/revisions\/5954"}],"wp:attachment":[{"href":"https:\/\/estorilboavista.com\/pt-pt\/wp-json\/wp\/v2\/media?parent=3795"}],"curies":[{"name":"wp","href":"https:\/\/api.w.org\/{rel}","templated":true}]}}