{"id":3811,"date":"2022-01-05T11:23:52","date_gmt":"2022-01-05T12:23:52","guid":{"rendered":"https:\/\/flamboyant-burnell.212-227-197-158.plesk.page\/servicos\/"},"modified":"2025-11-21T16:49:41","modified_gmt":"2025-11-21T17:49:41","slug":"servicos","status":"publish","type":"page","link":"https:\/\/estorilboavista.com\/pt-pt\/servicos\/","title":{"rendered":"Servi\u00e7os"},"content":{"rendered":"<p>[et_pb_section fb_built=\"1\" _builder_version=\"4.19.2\" _module_preset=\"default\" background_color=\"#BF4136\" background_enable_image=\"off\" background_blend=\"multiply\" width=\"100%\" max_width=\"100%\" module_alignment=\"center\" min_height=\"100px\" max_height=\"266px\" max_height_tablet=\"160px\" max_height_phone=\"160px\" max_height_last_edited=\"on|tablet\" custom_css_main_element=\"display:flex;||align-items:flex-end;||\" da_disable_devices=\"off|off|off\" global_colors_info=\"{}\" da_is_popup=\"off\" da_exit_intent=\"off\" da_has_close=\"on\" da_alt_close=\"off\" da_dark_close=\"off\" da_not_modal=\"on\" da_is_singular=\"off\" da_with_loader=\"off\" da_has_shadow=\"on\"][et_pb_row _builder_version=\"4.19.2\" _module_preset=\"default\" positioning=\"none\" vertical_offset=\"-105px\" width=\"90%\" width_tablet=\"75%\" width_phone=\"90%\" width_last_edited=\"off|desktop\" module_alignment=\"center\" custom_margin=\"||||false|false\" custom_padding=\"||||false|false\" custom_css_main_element=\"display:flex;||align-items:center;\" global_colors_info=\"{}\" custom_css_main_element_last_edited=\"on|tablet\" custom_css_main_element_tablet=\"display:flex;||align-items:center;||flex-direction:column;\" custom_css_main_element_phone=\"display:flex;||align-items:center;||flex-direction:column;\"][et_pb_column type=\"4_4\" _builder_version=\"4.18.0\" _module_preset=\"default\" background_enable_color=\"off\" custom_padding=\"||||true|false\" global_colors_info=\"{}\"][et_pb_text _builder_version=\"4.19.2\" _module_preset=\"default\" text_font_size=\"22px\" header_text_align=\"center\" header_text_color=\"#FFFFFF\" header_font_size=\"4vw\" background_color=\"RGBA(255,255,255,0)\" global_colors_info=\"{}\"]<\/p>\n<h1>Servi\u00e7os<\/h1>\n<p>[\/et_pb_text][\/et_pb_column][\/et_pb_row][\/et_pb_section][et_pb_section fb_built=\"1\" _builder_version=\"4.18.0\" _module_preset=\"default\" background_color=\"#ededed\" custom_padding=\"63px|||||\" da_disable_devices=\"off|off|off\" global_colors_info=\"{}\" da_is_popup=\"off\" da_exit_intent=\"off\" da_has_close=\"on\" da_alt_close=\"off\" da_dark_close=\"off\" da_not_modal=\"on\" da_is_singular=\"off\" da_with_loader=\"off\" da_has_shadow=\"on\"][et_pb_row _builder_version=\"4.18.0\" _module_preset=\"default\" width=\"90%\" module_alignment=\"center\" custom_padding=\"0px||0px||true|false\" global_colors_info=\"{}\"][et_pb_column type=\"4_4\" _builder_version=\"4.18.0\" _module_preset=\"default\" global_colors_info=\"{}\"][et_pb_text _builder_version=\"4.18.0\" _module_preset=\"default\" text_font_size=\"22px\" header_font=\"|600|||||||\" header_font_size=\"41px\" header_2_font=\"|600|||||||\" header_2_text_align=\"center\" header_2_text_color=\"#BF4136\" header_2_font_size=\"60px\" custom_margin=\"||0px||false|false\" global_colors_info=\"{}\"]<\/p>\n<h2>Os servi\u00e7os oferecidos pelo hotel<\/h2>\n<p>[\/et_pb_text][et_pb_divider color=\"#BF4136\" divider_weight=\"2px\" _builder_version=\"4.18.0\" _module_preset=\"default\" max_width=\"50%\" module_alignment=\"center\" custom_margin=\"0px||0px||true|false\" custom_padding=\"0px||0px||true|false\" global_colors_info=\"{}\"][\/et_pb_divider][\/et_pb_column][\/et_pb_row][et_pb_row column_structure=\"1_4,3_4\" use_custom_gutter=\"on\" gutter_width=\"1\" _builder_version=\"4.19.2\" _module_preset=\"default\" background_color=\"#BF4136\" background_image=\"https:\/\/estorilboavista.com\/wp-content\/uploads\/2022\/12\/aeroporte.jpg\" background_size=\"custom\" background_image_width=\"26%\" background_image_height=\"100%\" background_position=\"top_left\" width=\"90%\" custom_margin=\"25px||25px||true|false\" custom_padding=\"0px||0px||true|false\" custom_css_main_element=\"display:flex;||align-items:stretch;\" box_shadow_style=\"preset1\" box_shadow_vertical=\"0px\" box_shadow_spread=\"-5px\" box_shadow_color=\"rgba(0,0,0,0.5)\" global_colors_info=\"{}\" custom_css_main_element_last_edited=\"on|tablet\" custom_css_main_element_tablet=\"display:flex;||align-items:stretch;||flex-direction:column;\" custom_css_main_element_phone=\"display:flex;||align-items:stretch;||flex-direction:column;\"][et_pb_column type=\"1_4\" _builder_version=\"4.18.0\" _module_preset=\"default\" background_enable_color=\"off\" global_colors_info=\"{}\"][\/et_pb_column][et_pb_column type=\"3_4\" _builder_version=\"4.18.0\" _module_preset=\"default\" background_color=\"#FFFFFF\" custom_padding=\"15px||15px||true|false\" custom_padding_tablet=\"15px|15px|15px|15px|true|true\" custom_padding_phone=\"15px|15px|15px|15px|true|true\" custom_padding_last_edited=\"on|tablet\" global_colors_info=\"{}\"][et_pb_text _builder_version=\"4.18.0\" _module_preset=\"default\" header_font=\"|600|||||||\" header_3_font=\"|600|||||||\" header_3_text_color=\"#BF4136\" width=\"95%\" module_alignment=\"center\" custom_margin=\"||||false|false\" global_colors_info=\"{}\"]<\/p>\n<h3>Servi\u00e7o de transporte<\/h3>\n<p>[\/et_pb_text][et_pb_blurb use_icon=\"on\" font_icon=\"&#x35;||divi||400\" icon_color=\"#1f5673\" icon_placement=\"left\" content_max_width=\"100%\" _builder_version=\"4.27.4\" _module_preset=\"default\" width=\"95%\" module_alignment=\"center\" custom_margin=\"||5px||false|false\" hover_enabled=\"0\" global_colors_info=\"{}\" sticky_enabled=\"0\"]<\/p>\n<p>Transporte de e para o aeroporto a um custo de 25\u20ac<\/p>\n<p>[\/et_pb_blurb][et_pb_blurb use_icon=\"on\" font_icon=\"&#x35;||divi||400\" icon_color=\"#1f5673\" icon_placement=\"left\" content_max_width=\"100%\" _builder_version=\"4.18.0\" _module_preset=\"default\" width=\"95%\" module_alignment=\"center\" custom_margin=\"||5px||false|false\" global_colors_info=\"{}\"]<\/p>\n<p>Transporte custo vari\u00e1vel para chegar a restaurantes; 2 \u20ac para a \u00e1rea de restaurantes SAL rei, 20 \u20ac para restaurantes em praias mais distantes<\/p>\n<p>[\/et_pb_blurb][\/et_pb_column][\/et_pb_row][et_pb_row column_structure=\"1_4,3_4\" use_custom_gutter=\"on\" gutter_width=\"1\" _builder_version=\"4.19.1\" _module_preset=\"default\" background_color=\"#BF4136\" background_image=\"https:\/\/estorilboavista.com\/wp-content\/uploads\/2022\/12\/balene.jpg\" background_size=\"custom\" background_image_width=\"29%\" background_image_height=\"100%\" background_position=\"top_left\" background_horizontal_offset=\"0%\" background_vertical_offset=\"0%\" width=\"90%\" custom_margin=\"25px||25px||true|false\" custom_padding=\"0px||0px||true|false\" custom_css_main_element=\"display:flex;||align-items:center;\" box_shadow_style=\"preset1\" box_shadow_vertical=\"0px\" box_shadow_spread=\"-5px\" box_shadow_color=\"rgba(0,0,0,0.5)\" global_colors_info=\"{}\" custom_css_main_element_last_edited=\"on|tablet\" custom_css_main_element_tablet=\"display:flex;||align-items:stretch;||flex-direction:column;\" custom_css_main_element_phone=\"display:flex;||align-items:stretch;||flex-direction:column;\"][et_pb_column type=\"1_4\" _builder_version=\"4.18.0\" _module_preset=\"default\" background_enable_color=\"off\" global_colors_info=\"{}\"][\/et_pb_column][et_pb_column type=\"3_4\" _builder_version=\"4.18.0\" _module_preset=\"default\" background_color=\"#FFFFFF\" custom_padding=\"15px||15px||true|false\" custom_padding_tablet=\"|15px||15px|true|true\" custom_padding_phone=\"|15px||15px|true|true\" custom_padding_last_edited=\"on|tablet\" global_colors_info=\"{}\"][et_pb_text _builder_version=\"4.18.0\" _module_preset=\"default\" header_font=\"|600|||||||\" header_3_font=\"|600|||||||\" header_3_text_color=\"#BF4136\" width=\"95%\" module_alignment=\"center\" custom_margin=\"||||false|false\" global_colors_info=\"{}\"]<\/p>\n<h3>Excurs\u00f5es*<\/h3>\n<p>[\/et_pb_text][et_pb_blurb use_icon=\"on\" font_icon=\"&#x35;||divi||400\" icon_color=\"#1f5673\" icon_placement=\"left\" content_max_width=\"100%\" _builder_version=\"4.19.1\" _module_preset=\"default\" width=\"95%\" module_alignment=\"center\" custom_margin=\"||5px||false|false\" global_colors_info=\"{}\"]<\/p>\n<p>Excurs\u00e3o noturna para ver a desova da tartaruga \"caretta-caretta\" (de maio a outubro)<\/p>\n<p>[\/et_pb_blurb][et_pb_blurb use_icon=\"on\" font_icon=\"&#x35;||divi||400\" icon_color=\"#1f5673\" icon_placement=\"left\" content_max_width=\"100%\" _builder_version=\"4.19.1\" _module_preset=\"default\" width=\"95%\" module_alignment=\"center\" custom_margin=\"||5px||false|false\" global_colors_info=\"{}\"]<\/p>\n<p>Excurs\u00f5es de observa\u00e7\u00e3o de aves e baleias<\/p>\n<p>[\/et_pb_blurb][et_pb_blurb use_icon=\"on\" font_icon=\"&#x35;||divi||400\" icon_color=\"#1f5673\" icon_placement=\"left\" content_max_width=\"100%\" _builder_version=\"4.19.1\" _module_preset=\"default\" width=\"95%\" module_alignment=\"center\" custom_margin=\"||5px||false|false\" global_colors_info=\"{}\"]<\/p>\n<p>Caminhadas naturais a p\u00e9 ou de bicicleta<\/p>\n<p>[\/et_pb_blurb][\/et_pb_column][\/et_pb_row][et_pb_row column_structure=\"1_4,3_4\" use_custom_gutter=\"on\" gutter_width=\"1\" _builder_version=\"4.19.2\" _module_preset=\"default\" background_color=\"#BF4136\" background_image=\"https:\/\/estorilboavista.com\/wp-content\/uploads\/2022\/12\/quad1.jpg\" background_size=\"custom\" background_image_width=\"26%\" background_image_height=\"100%\" background_position=\"top_left\" width=\"90%\" custom_margin=\"25px||25px||true|false\" custom_padding=\"0px||0px||true|false\" custom_css_main_element=\"display:flex;||align-items:center;\" box_shadow_style=\"preset1\" box_shadow_vertical=\"0px\" box_shadow_spread=\"-5px\" box_shadow_color=\"rgba(0,0,0,0.5)\" global_colors_info=\"{}\" custom_css_main_element_last_edited=\"on|tablet\" custom_css_main_element_tablet=\"display:flex;||align-items:stretch;||flex-direction:column;\" custom_css_main_element_phone=\"display:flex;||align-items:stretch;||flex-direction:column;\"][et_pb_column type=\"1_4\" _builder_version=\"4.18.0\" _module_preset=\"default\" background_enable_color=\"off\" global_colors_info=\"{}\"][\/et_pb_column][et_pb_column type=\"3_4\" _builder_version=\"4.18.0\" _module_preset=\"default\" background_color=\"#FFFFFF\" custom_padding=\"15px||15px||true|false\" custom_padding_tablet=\"|15px||15px|true|true\" custom_padding_phone=\"|15px||15px|true|true\" custom_padding_last_edited=\"on|tablet\" global_colors_info=\"{}\"][et_pb_text _builder_version=\"4.18.0\" _module_preset=\"default\" header_font=\"|600|||||||\" header_3_font=\"|600|||||||\" header_3_text_color=\"#BF4136\" width=\"95%\" module_alignment=\"center\" custom_margin=\"||||false|false\" global_colors_info=\"{}\"]<\/p>\n<h3>Excurs\u00f5es*<\/h3>\n<p>[\/et_pb_text][et_pb_blurb use_icon=\"on\" font_icon=\"&#x35;||divi||400\" icon_color=\"#1f5673\" icon_placement=\"left\" content_max_width=\"100%\" _builder_version=\"4.19.2\" _module_preset=\"default\" width=\"95%\" module_alignment=\"center\" height=\"146px\" custom_margin=\"||5px||false|false\" global_colors_info=\"{}\"]<\/p>\n<p>Passeios de quadriciclo<\/p>\n<p>[\/et_pb_blurb][\/et_pb_column][\/et_pb_row][et_pb_row column_structure=\"1_4,3_4\" use_custom_gutter=\"on\" gutter_width=\"1\" _builder_version=\"4.19.2\" _module_preset=\"default\" background_color=\"#BF4136\" background_image=\"https:\/\/estorilboavista.com\/wp-content\/uploads\/2022\/12\/buggy1.jpg\" background_size=\"custom\" background_image_width=\"26%\" background_image_height=\"100%\" background_position=\"top_left\" width=\"90%\" custom_margin=\"25px||25px||true|false\" custom_padding=\"0px||0px||true|false\" custom_css_main_element=\"display:flex;||align-items:center;\" box_shadow_style=\"preset1\" box_shadow_vertical=\"0px\" box_shadow_spread=\"-5px\" box_shadow_color=\"rgba(0,0,0,0.5)\" global_colors_info=\"{}\" custom_css_main_element_last_edited=\"on|tablet\" custom_css_main_element_tablet=\"display:flex;||align-items:stretch;||flex-direction:column;\" custom_css_main_element_phone=\"display:flex;||align-items:stretch;||flex-direction:column;\"][et_pb_column type=\"1_4\" _builder_version=\"4.18.0\" _module_preset=\"default\" background_enable_color=\"off\" global_colors_info=\"{}\"][\/et_pb_column][et_pb_column type=\"3_4\" _builder_version=\"4.18.0\" _module_preset=\"default\" background_color=\"#FFFFFF\" custom_padding=\"15px||15px||true|false\" custom_padding_tablet=\"|15px||15px|true|true\" custom_padding_phone=\"|15px||15px|true|true\" custom_padding_last_edited=\"on|tablet\" global_colors_info=\"{}\"][et_pb_text _builder_version=\"4.18.0\" _module_preset=\"default\" header_font=\"|600|||||||\" header_3_font=\"|600|||||||\" header_3_text_color=\"#BF4136\" width=\"95%\" module_alignment=\"center\" custom_margin=\"||||false|false\" global_colors_info=\"{}\"]<\/p>\n<h3>Excurs\u00f5es*<\/h3>\n<p>[\/et_pb_text][et_pb_blurb use_icon=\"on\" font_icon=\"&#x35;||divi||400\" icon_color=\"#1f5673\" icon_placement=\"left\" content_max_width=\"100%\" _builder_version=\"4.19.2\" _module_preset=\"default\" width=\"95%\" module_alignment=\"center\" height=\"146px\" custom_margin=\"||5px||false|false\" global_colors_info=\"{}\"]<\/p>\n<p>Passeios de buggy<\/p>\n<p>[\/et_pb_blurb][\/et_pb_column][\/et_pb_row][et_pb_row _builder_version=\"4.18.0\" _module_preset=\"default\" width=\"90%\" module_alignment=\"center\" custom_padding=\"0px||0px||true|false\" global_colors_info=\"{}\"][et_pb_column type=\"4_4\" _builder_version=\"4.18.0\" _module_preset=\"default\" global_colors_info=\"{}\"][et_pb_text _builder_version=\"4.18.0\" _module_preset=\"default\" text_text_color=\"#999999\" global_colors_info=\"{}\"]<\/p>\n<p>*Os pre\u00e7os ser\u00e3o estabelecidos antes da presta\u00e7\u00e3o do servi\u00e7o entre as partes de acordo com a solicita\u00e7\u00e3o do h\u00f3spede.<\/p>\n<p>[\/et_pb_text][\/et_pb_column][\/et_pb_row][\/et_pb_section][et_pb_section fb_built=\"1\" _builder_version=\"4.19.1\" _module_preset=\"default\" background_image=\"https:\/\/estorilboavista.com\/wp-content\/uploads\/2022\/12\/varandinha-top-scaled.jpg\" background_size=\"custom\" background_position=\"bottom_right\" background_vertical_offset=\"45%\" min_height=\"400px\" da_disable_devices=\"off|off|off\" global_colors_info=\"{}\" da_is_popup=\"off\" da_exit_intent=\"off\" da_has_close=\"on\" da_alt_close=\"off\" da_dark_close=\"off\" da_not_modal=\"on\" da_is_singular=\"off\" da_with_loader=\"off\" da_has_shadow=\"on\"][et_pb_row _builder_version=\"4.18.0\" _module_preset=\"default\" width=\"90%\" module_alignment=\"center\" global_colors_info=\"{}\"][et_pb_column type=\"4_4\" _builder_version=\"4.18.0\" _module_preset=\"default\" global_colors_info=\"{}\"][et_pb_text _builder_version=\"4.19.1\" _module_preset=\"default\" text_font_size=\"22px\" header_font=\"|600|||||||\" header_font_size=\"41px\" header_2_font=\"|600|||||||\" header_2_text_align=\"center\" header_2_text_color=\"#ededed\" header_2_font_size=\"60px\" custom_margin=\"2em||||false|false\" text_text_shadow_style=\"preset5\" global_colors_info=\"{}\"]<\/p>\n<p>Reserve suas pr\u00f3ximas f\u00e9rias agora!<\/p>\n<p>[\/et_pb_text][\/et_pb_column][\/et_pb_row][et_pb_row _builder_version=\"4.18.0\" _module_preset=\"default\" width=\"90%\" custom_padding=\"0px||0px||true|false\" global_colors_info=\"{}\"][et_pb_column type=\"4_4\" _builder_version=\"4.18.0\" _module_preset=\"default\" global_colors_info=\"{}\"][et_pb_button button_url=\"#search\" button_text=\"Clique aqui\" button_alignment=\"center\" module_class=\"pos-bottom-btn\" _builder_version=\"4.19.2\" _module_preset=\"default\" custom_button=\"on\" button_text_color=\"#FFFFFF\" button_bg_color=\"#BF4136\" button_font=\"|600|||||||\" button_use_icon=\"off\" custom_padding=\"||||false|false\" custom_css_main_element=\"width:fit-content;||text-align:center;\" box_shadow_style=\"preset1\" box_shadow_color=\"#000000\" global_colors_info=\"{}\" button_border_radius__hover_enabled=\"on|desktop\" button_border_radius__hover=\"0px\" transform_styles__hover_enabled=\"on|hover\" transform_scale__hover_enabled=\"on|hover\" transform_translate__hover_enabled=\"on|desktop\" transform_rotate__hover_enabled=\"on|desktop\" transform_skew__hover_enabled=\"on|desktop\" transform_origin__hover_enabled=\"on|desktop\" transform_scale__hover=\"105%|105%\"][\/et_pb_button][\/et_pb_column][\/et_pb_row][\/et_pb_section]<\/p>\n","protected":false},"excerpt":{"rendered":"<p>Servi\u00e7osOs servi\u00e7os oferecidos pelo hotelServi\u00e7o de transporteTransporte de e para o aeroporto a um custo de 25\u20acTransporte custo vari\u00e1vel para chegar a restaurantes; 2 \u20ac para a \u00e1rea de restaurantes SAL rei, 20 \u20ac para restaurantes em praias mais distantesExcurs\u00f5es*Excurs\u00e3o noturna para ver a desova da tartaruga \"caretta-caretta\" (de maio a outubro)Excurs\u00f5es de observa\u00e7\u00e3o de [&hellip;]<\/p>\n","protected":false},"author":1,"featured_media":0,"parent":0,"menu_order":0,"comment_status":"closed","ping_status":"closed","template":"","meta":{"_et_pb_use_builder":"on","_et_pb_old_content":"","_et_gb_content_width":"","footnotes":""},"class_list":["post-3811","page","type-page","status-publish","hentry"],"yoast_head":"<!-- This site is optimized with the Yoast SEO plugin v27.4 - https:\/\/yoast.com\/product\/yoast-seo-wordpress\/ -->\n<title>Servi\u00e7os | Hotel Estroil<\/title>\n<meta name=\"robots\" content=\"index, follow, max-snippet:-1, max-image-preview:large, max-video-preview:-1\" \/>\n<link rel=\"canonical\" href=\"https:\/\/estorilboavista.com\/pt-pt\/servicos\/\" \/>\n<meta property=\"og:locale\" content=\"pt_PT\" \/>\n<meta property=\"og:type\" content=\"article\" \/>\n<meta property=\"og:title\" content=\"Servi\u00e7os | Hotel Estroil\" \/>\n<meta property=\"og:url\" content=\"https:\/\/estorilboavista.com\/pt-pt\/servicos\/\" \/>\n<meta property=\"og:site_name\" content=\"Hotel Estoril\" \/>\n<meta property=\"article:modified_time\" content=\"2025-11-21T17:49:41+00:00\" \/>\n<meta name=\"twitter:card\" content=\"summary_large_image\" \/>\n<meta name=\"twitter:label1\" content=\"Tempo estimado de leitura\" \/>\n\t<meta name=\"twitter:data1\" content=\"10 minutos\" \/>\n<script type=\"application\/ld+json\" class=\"yoast-schema-graph\">{\"@context\":\"https:\\\/\\\/schema.org\",\"@graph\":[{\"@type\":\"WebPage\",\"@id\":\"https:\\\/\\\/estorilboavista.com\\\/pt-pt\\\/servicos\\\/\",\"url\":\"https:\\\/\\\/estorilboavista.com\\\/pt-pt\\\/servicos\\\/\",\"name\":\"Servi\u00e7os | Hotel Estroil\",\"isPartOf\":{\"@id\":\"https:\\\/\\\/estorilboavista.com\\\/pt-pt\\\/#website\"},\"datePublished\":\"2022-01-05T12:23:52+00:00\",\"dateModified\":\"2025-11-21T17:49:41+00:00\",\"breadcrumb\":{\"@id\":\"https:\\\/\\\/estorilboavista.com\\\/pt-pt\\\/servicos\\\/#breadcrumb\"},\"inLanguage\":\"pt-PT\",\"potentialAction\":[{\"@type\":\"ReadAction\",\"target\":[\"https:\\\/\\\/estorilboavista.com\\\/pt-pt\\\/servicos\\\/\"]}]},{\"@type\":\"BreadcrumbList\",\"@id\":\"https:\\\/\\\/estorilboavista.com\\\/pt-pt\\\/servicos\\\/#breadcrumb\",\"itemListElement\":[{\"@type\":\"ListItem\",\"position\":1,\"name\":\"Home\",\"item\":\"https:\\\/\\\/estorilboavista.com\\\/pt-pt\\\/\"},{\"@type\":\"ListItem\",\"position\":2,\"name\":\"Servi\u00e7os\"}]},{\"@type\":\"WebSite\",\"@id\":\"https:\\\/\\\/estorilboavista.com\\\/pt-pt\\\/#website\",\"url\":\"https:\\\/\\\/estorilboavista.com\\\/pt-pt\\\/\",\"name\":\"Estoril Boavista\",\"description\":\"A um passo do mar\",\"publisher\":{\"@id\":\"https:\\\/\\\/estorilboavista.com\\\/pt-pt\\\/#organization\"},\"potentialAction\":[{\"@type\":\"SearchAction\",\"target\":{\"@type\":\"EntryPoint\",\"urlTemplate\":\"https:\\\/\\\/estorilboavista.com\\\/pt-pt\\\/?s={search_term_string}\"},\"query-input\":{\"@type\":\"PropertyValueSpecification\",\"valueRequired\":true,\"valueName\":\"search_term_string\"}}],\"inLanguage\":\"pt-PT\"},{\"@type\":\"Organization\",\"@id\":\"https:\\\/\\\/estorilboavista.com\\\/pt-pt\\\/#organization\",\"name\":\"Estoril Boavista\",\"url\":\"https:\\\/\\\/estorilboavista.com\\\/pt-pt\\\/\",\"logo\":{\"@type\":\"ImageObject\",\"inLanguage\":\"pt-PT\",\"@id\":\"https:\\\/\\\/estorilboavista.com\\\/pt-pt\\\/#\\\/schema\\\/logo\\\/image\\\/\",\"url\":\"\",\"contentUrl\":\"\",\"caption\":\"Estoril Boavista\"},\"image\":{\"@id\":\"https:\\\/\\\/estorilboavista.com\\\/pt-pt\\\/#\\\/schema\\\/logo\\\/image\\\/\"}}]}<\/script>\n<!-- \/ Yoast SEO plugin. -->","yoast_head_json":{"title":"Servi\u00e7os | Hotel Estroil","robots":{"index":"index","follow":"follow","max-snippet":"max-snippet:-1","max-image-preview":"max-image-preview:large","max-video-preview":"max-video-preview:-1"},"canonical":"https:\/\/estorilboavista.com\/pt-pt\/servicos\/","og_locale":"pt_PT","og_type":"article","og_title":"Servi\u00e7os | Hotel Estroil","og_url":"https:\/\/estorilboavista.com\/pt-pt\/servicos\/","og_site_name":"Hotel Estoril","article_modified_time":"2025-11-21T17:49:41+00:00","twitter_card":"summary_large_image","twitter_misc":{"Tempo estimado de leitura":"10 minutos"},"schema":{"@context":"https:\/\/schema.org","@graph":[{"@type":"WebPage","@id":"https:\/\/estorilboavista.com\/pt-pt\/servicos\/","url":"https:\/\/estorilboavista.com\/pt-pt\/servicos\/","name":"Servi\u00e7os | Hotel Estroil","isPartOf":{"@id":"https:\/\/estorilboavista.com\/pt-pt\/#website"},"datePublished":"2022-01-05T12:23:52+00:00","dateModified":"2025-11-21T17:49:41+00:00","breadcrumb":{"@id":"https:\/\/estorilboavista.com\/pt-pt\/servicos\/#breadcrumb"},"inLanguage":"pt-PT","potentialAction":[{"@type":"ReadAction","target":["https:\/\/estorilboavista.com\/pt-pt\/servicos\/"]}]},{"@type":"BreadcrumbList","@id":"https:\/\/estorilboavista.com\/pt-pt\/servicos\/#breadcrumb","itemListElement":[{"@type":"ListItem","position":1,"name":"Home","item":"https:\/\/estorilboavista.com\/pt-pt\/"},{"@type":"ListItem","position":2,"name":"Servi\u00e7os"}]},{"@type":"WebSite","@id":"https:\/\/estorilboavista.com\/pt-pt\/#website","url":"https:\/\/estorilboavista.com\/pt-pt\/","name":"Estoril Boavista","description":"A um passo do mar","publisher":{"@id":"https:\/\/estorilboavista.com\/pt-pt\/#organization"},"potentialAction":[{"@type":"SearchAction","target":{"@type":"EntryPoint","urlTemplate":"https:\/\/estorilboavista.com\/pt-pt\/?s={search_term_string}"},"query-input":{"@type":"PropertyValueSpecification","valueRequired":true,"valueName":"search_term_string"}}],"inLanguage":"pt-PT"},{"@type":"Organization","@id":"https:\/\/estorilboavista.com\/pt-pt\/#organization","name":"Estoril Boavista","url":"https:\/\/estorilboavista.com\/pt-pt\/","logo":{"@type":"ImageObject","inLanguage":"pt-PT","@id":"https:\/\/estorilboavista.com\/pt-pt\/#\/schema\/logo\/image\/","url":"","contentUrl":"","caption":"Estoril Boavista"},"image":{"@id":"https:\/\/estorilboavista.com\/pt-pt\/#\/schema\/logo\/image\/"}}]}},"_links":{"self":[{"href":"https:\/\/estorilboavista.com\/pt-pt\/wp-json\/wp\/v2\/pages\/3811","targetHints":{"allow":["GET"]}}],"collection":[{"href":"https:\/\/estorilboavista.com\/pt-pt\/wp-json\/wp\/v2\/pages"}],"about":[{"href":"https:\/\/estorilboavista.com\/pt-pt\/wp-json\/wp\/v2\/types\/page"}],"author":[{"embeddable":true,"href":"https:\/\/estorilboavista.com\/pt-pt\/wp-json\/wp\/v2\/users\/1"}],"replies":[{"embeddable":true,"href":"https:\/\/estorilboavista.com\/pt-pt\/wp-json\/wp\/v2\/comments?post=3811"}],"version-history":[{"count":67,"href":"https:\/\/estorilboavista.com\/pt-pt\/wp-json\/wp\/v2\/pages\/3811\/revisions"}],"predecessor-version":[{"id":5955,"href":"https:\/\/estorilboavista.com\/pt-pt\/wp-json\/wp\/v2\/pages\/3811\/revisions\/5955"}],"wp:attachment":[{"href":"https:\/\/estorilboavista.com\/pt-pt\/wp-json\/wp\/v2\/media?parent=3811"}],"curies":[{"name":"wp","href":"https:\/\/api.w.org\/{rel}","templated":true}]}}