{"id":5656,"date":"2023-01-11T13:08:55","date_gmt":"2023-01-11T14:08:55","guid":{"rendered":"https:\/\/estorilboavista.com\/termos-e-condicoes\/"},"modified":"2023-01-11T13:08:55","modified_gmt":"2023-01-11T14:08:55","slug":"termos-e-condicoes","status":"publish","type":"page","link":"https:\/\/estorilboavista.com\/pt-pt\/termos-e-condicoes\/","title":{"rendered":"Termos e Condi\u00e7\u00f5es"},"content":{"rendered":"<p>Confirma\u00e7\u00e3o da reserva A sua reserva s\u00f3 ser\u00e1 confirmada definitivamente ap\u00f3s o pagamento de um dep\u00f3sito. Isto pode ser feito atrav\u00e9s de \"click-to-pay\". Em caso de n\u00e3o chegada, reteremos o dep\u00f3sito requerido. Custos de cancelamento A palavra 'cancelamento' soa desagrad\u00e1vel e \u00e9, para si e para n\u00f3s! Por favor, leia atentamente os nossos TERMOS DE CONDUTA. Em caso de cancelamento, o dep\u00f3sito n\u00e3o ser\u00e1 devolvido. Ao fornecer os dados do seu cart\u00e3o de cr\u00e9dito, d\u00e1 automaticamente o seu consentimento para a dedu\u00e7\u00e3o da taxa de cancelamento indicada em caso de cancelamento, chegada atrasada ou partida antecipada. Por vezes algo pode acontecer antes do in\u00edcio da viagem. Recomendamos-lhe que fa\u00e7a um seguro de viagem. Termos e condi\u00e7\u00f5es gerais, v\u00e1lidos para acordos\/contratos entre o Hotel Estoril LDA e os h\u00f3spedes e\/ou a pessoa que faz a reserva. Requisitos de cancelamento: Pelo menos 7 dias antes do dia acordado de chegada do(s) cliente(s), o contrato de hotel pode ser cancelado pelo cliente ou pela pessoa que faz a reserva sem penaliza\u00e7\u00e3o. O cancelamento deve ser feito por escrito. * Em caso de cancelamento pelo convidado ou pela pessoa que fez a reserva, no per\u00edodo entre o 7\u00ba dia do dia acordado de chegada e o dia de chegada efectivo, o convidado \u00e9 obrigado a pagar as seguintes taxas de cancelamento: - Cancelamento o mais tardar 3 dias antes do dia de chegada 50% do pre\u00e7o total acordado;* - Cancelamento desde 3 dias at\u00e9 ao dia de chegada (ou n\u00e3o chegada ou chegada tardia ou partida antecipada): 100% do pre\u00e7o total acordado;* O cancelamento deve ser feito por escrito e deve ser recebido pelo hotel at\u00e9 \u00e0s datas acima mencionadas (7, 3 dias) antes do dia acordado de chegada do(s) h\u00f3spede(s). No caso do h\u00f3spede n\u00e3o chegar e os quartos reservados n\u00e3o forem cancelados, o h\u00f3spede e\/ou a pessoa que fez a reserva ser\u00e1 respons\u00e1vel pelo pagamento de 100% do pre\u00e7o total acordado. O pre\u00e7o acordado \u00e9 o pre\u00e7o acordado para alojamento, restaura\u00e7\u00e3o e possivelmente outros servi\u00e7os. Se membros individuais n\u00e3o chegarem e\/ou nem todos os quartos\/quartos forem cancelados, o h\u00f3spede e\/ou a pessoa que fez a reserva \u00e9 obrigado a pagar a taxa de cancelamento (tal como listado acima) para estas camas\/quartos. *Os encargos banc\u00e1rios para qualquer reembolso ser\u00e3o cobrados ao h\u00f3spede. Regulamento em caso de partida antecipada do convidado Em caso de partida antecipada, o(s) convidado(s) s\u00e3o obrigados a pagar o pre\u00e7o da estadia efectiva e 100% do pre\u00e7o acordado para os restantes servi\u00e7os n\u00e3o utilizados.<\/p>\n","protected":false},"excerpt":{"rendered":"<p>Confirma\u00e7\u00e3o da reserva A sua reserva s\u00f3 ser\u00e1 confirmada definitivamente ap\u00f3s o pagamento de um dep\u00f3sito. Isto pode ser feito atrav\u00e9s de \"click-to-pay\". Em caso de n\u00e3o chegada, reteremos o dep\u00f3sito requerido. Custos de cancelamento A palavra 'cancelamento' soa desagrad\u00e1vel e \u00e9, para si e para n\u00f3s! Por favor, leia atentamente os nossos TERMOS DE [&hellip;]<\/p>\n","protected":false},"author":1,"featured_media":0,"parent":0,"menu_order":0,"comment_status":"closed","ping_status":"closed","template":"","meta":{"_et_pb_use_builder":"","_et_pb_old_content":"","_et_gb_content_width":"","footnotes":""},"class_list":["post-5656","page","type-page","status-publish","hentry"],"yoast_head":"<!-- This site is optimized with the Yoast SEO plugin v27.4 - https:\/\/yoast.com\/product\/yoast-seo-wordpress\/ -->\n<title>Termos e Condi\u00e7\u00f5es - Hotel Estoril<\/title>\n<meta name=\"robots\" content=\"index, follow, max-snippet:-1, max-image-preview:large, max-video-preview:-1\" \/>\n<link rel=\"canonical\" href=\"https:\/\/estorilboavista.com\/pt-pt\/termos-e-condicoes\/\" \/>\n<meta property=\"og:locale\" content=\"pt_PT\" \/>\n<meta property=\"og:type\" content=\"article\" \/>\n<meta property=\"og:title\" content=\"Termos e Condi\u00e7\u00f5es - Hotel Estoril\" \/>\n<meta property=\"og:description\" content=\"Confirma\u00e7\u00e3o da reserva A sua reserva s\u00f3 ser\u00e1 confirmada definitivamente ap\u00f3s o pagamento de um dep\u00f3sito. Isto pode ser feito atrav\u00e9s de &quot;click-to-pay&quot;. Em caso de n\u00e3o chegada, reteremos o dep\u00f3sito requerido. Custos de cancelamento A palavra &#039;cancelamento&#039; soa desagrad\u00e1vel e \u00e9, para si e para n\u00f3s! Por favor, leia atentamente os nossos TERMOS DE [&hellip;]\" \/>\n<meta property=\"og:url\" content=\"https:\/\/estorilboavista.com\/pt-pt\/termos-e-condicoes\/\" \/>\n<meta property=\"og:site_name\" content=\"Hotel Estoril\" \/>\n<meta name=\"twitter:card\" content=\"summary_large_image\" \/>\n<meta name=\"twitter:label1\" content=\"Tempo estimado de leitura\" \/>\n\t<meta name=\"twitter:data1\" content=\"2 minutos\" \/>\n<script type=\"application\/ld+json\" class=\"yoast-schema-graph\">{\"@context\":\"https:\\\/\\\/schema.org\",\"@graph\":[{\"@type\":\"WebPage\",\"@id\":\"https:\\\/\\\/estorilboavista.com\\\/pt-pt\\\/termos-e-condicoes\\\/\",\"url\":\"https:\\\/\\\/estorilboavista.com\\\/pt-pt\\\/termos-e-condicoes\\\/\",\"name\":\"Termos e Condi\u00e7\u00f5es - Hotel Estoril\",\"isPartOf\":{\"@id\":\"https:\\\/\\\/estorilboavista.com\\\/pt-pt\\\/#website\"},\"datePublished\":\"2023-01-11T14:08:55+00:00\",\"breadcrumb\":{\"@id\":\"https:\\\/\\\/estorilboavista.com\\\/pt-pt\\\/termos-e-condicoes\\\/#breadcrumb\"},\"inLanguage\":\"pt-PT\",\"potentialAction\":[{\"@type\":\"ReadAction\",\"target\":[\"https:\\\/\\\/estorilboavista.com\\\/pt-pt\\\/termos-e-condicoes\\\/\"]}]},{\"@type\":\"BreadcrumbList\",\"@id\":\"https:\\\/\\\/estorilboavista.com\\\/pt-pt\\\/termos-e-condicoes\\\/#breadcrumb\",\"itemListElement\":[{\"@type\":\"ListItem\",\"position\":1,\"name\":\"Home\",\"item\":\"https:\\\/\\\/estorilboavista.com\\\/pt-pt\\\/\"},{\"@type\":\"ListItem\",\"position\":2,\"name\":\"Termos e Condi\u00e7\u00f5es\"}]},{\"@type\":\"WebSite\",\"@id\":\"https:\\\/\\\/estorilboavista.com\\\/pt-pt\\\/#website\",\"url\":\"https:\\\/\\\/estorilboavista.com\\\/pt-pt\\\/\",\"name\":\"Estoril Boavista\",\"description\":\"A um passo do mar\",\"publisher\":{\"@id\":\"https:\\\/\\\/estorilboavista.com\\\/pt-pt\\\/#organization\"},\"potentialAction\":[{\"@type\":\"SearchAction\",\"target\":{\"@type\":\"EntryPoint\",\"urlTemplate\":\"https:\\\/\\\/estorilboavista.com\\\/pt-pt\\\/?s={search_term_string}\"},\"query-input\":{\"@type\":\"PropertyValueSpecification\",\"valueRequired\":true,\"valueName\":\"search_term_string\"}}],\"inLanguage\":\"pt-PT\"},{\"@type\":\"Organization\",\"@id\":\"https:\\\/\\\/estorilboavista.com\\\/pt-pt\\\/#organization\",\"name\":\"Estoril Boavista\",\"url\":\"https:\\\/\\\/estorilboavista.com\\\/pt-pt\\\/\",\"logo\":{\"@type\":\"ImageObject\",\"inLanguage\":\"pt-PT\",\"@id\":\"https:\\\/\\\/estorilboavista.com\\\/pt-pt\\\/#\\\/schema\\\/logo\\\/image\\\/\",\"url\":\"\",\"contentUrl\":\"\",\"caption\":\"Estoril Boavista\"},\"image\":{\"@id\":\"https:\\\/\\\/estorilboavista.com\\\/pt-pt\\\/#\\\/schema\\\/logo\\\/image\\\/\"}}]}<\/script>\n<!-- \/ Yoast SEO plugin. -->","yoast_head_json":{"title":"Termos e Condi\u00e7\u00f5es - Hotel Estoril","robots":{"index":"index","follow":"follow","max-snippet":"max-snippet:-1","max-image-preview":"max-image-preview:large","max-video-preview":"max-video-preview:-1"},"canonical":"https:\/\/estorilboavista.com\/pt-pt\/termos-e-condicoes\/","og_locale":"pt_PT","og_type":"article","og_title":"Termos e Condi\u00e7\u00f5es - Hotel Estoril","og_description":"Confirma\u00e7\u00e3o da reserva A sua reserva s\u00f3 ser\u00e1 confirmada definitivamente ap\u00f3s o pagamento de um dep\u00f3sito. Isto pode ser feito atrav\u00e9s de \"click-to-pay\". Em caso de n\u00e3o chegada, reteremos o dep\u00f3sito requerido. Custos de cancelamento A palavra 'cancelamento' soa desagrad\u00e1vel e \u00e9, para si e para n\u00f3s! Por favor, leia atentamente os nossos TERMOS DE [&hellip;]","og_url":"https:\/\/estorilboavista.com\/pt-pt\/termos-e-condicoes\/","og_site_name":"Hotel Estoril","twitter_card":"summary_large_image","twitter_misc":{"Tempo estimado de leitura":"2 minutos"},"schema":{"@context":"https:\/\/schema.org","@graph":[{"@type":"WebPage","@id":"https:\/\/estorilboavista.com\/pt-pt\/termos-e-condicoes\/","url":"https:\/\/estorilboavista.com\/pt-pt\/termos-e-condicoes\/","name":"Termos e Condi\u00e7\u00f5es - Hotel Estoril","isPartOf":{"@id":"https:\/\/estorilboavista.com\/pt-pt\/#website"},"datePublished":"2023-01-11T14:08:55+00:00","breadcrumb":{"@id":"https:\/\/estorilboavista.com\/pt-pt\/termos-e-condicoes\/#breadcrumb"},"inLanguage":"pt-PT","potentialAction":[{"@type":"ReadAction","target":["https:\/\/estorilboavista.com\/pt-pt\/termos-e-condicoes\/"]}]},{"@type":"BreadcrumbList","@id":"https:\/\/estorilboavista.com\/pt-pt\/termos-e-condicoes\/#breadcrumb","itemListElement":[{"@type":"ListItem","position":1,"name":"Home","item":"https:\/\/estorilboavista.com\/pt-pt\/"},{"@type":"ListItem","position":2,"name":"Termos e Condi\u00e7\u00f5es"}]},{"@type":"WebSite","@id":"https:\/\/estorilboavista.com\/pt-pt\/#website","url":"https:\/\/estorilboavista.com\/pt-pt\/","name":"Estoril Boavista","description":"A um passo do mar","publisher":{"@id":"https:\/\/estorilboavista.com\/pt-pt\/#organization"},"potentialAction":[{"@type":"SearchAction","target":{"@type":"EntryPoint","urlTemplate":"https:\/\/estorilboavista.com\/pt-pt\/?s={search_term_string}"},"query-input":{"@type":"PropertyValueSpecification","valueRequired":true,"valueName":"search_term_string"}}],"inLanguage":"pt-PT"},{"@type":"Organization","@id":"https:\/\/estorilboavista.com\/pt-pt\/#organization","name":"Estoril Boavista","url":"https:\/\/estorilboavista.com\/pt-pt\/","logo":{"@type":"ImageObject","inLanguage":"pt-PT","@id":"https:\/\/estorilboavista.com\/pt-pt\/#\/schema\/logo\/image\/","url":"","contentUrl":"","caption":"Estoril Boavista"},"image":{"@id":"https:\/\/estorilboavista.com\/pt-pt\/#\/schema\/logo\/image\/"}}]}},"_links":{"self":[{"href":"https:\/\/estorilboavista.com\/pt-pt\/wp-json\/wp\/v2\/pages\/5656","targetHints":{"allow":["GET"]}}],"collection":[{"href":"https:\/\/estorilboavista.com\/pt-pt\/wp-json\/wp\/v2\/pages"}],"about":[{"href":"https:\/\/estorilboavista.com\/pt-pt\/wp-json\/wp\/v2\/types\/page"}],"author":[{"embeddable":true,"href":"https:\/\/estorilboavista.com\/pt-pt\/wp-json\/wp\/v2\/users\/1"}],"replies":[{"embeddable":true,"href":"https:\/\/estorilboavista.com\/pt-pt\/wp-json\/wp\/v2\/comments?post=5656"}],"version-history":[{"count":0,"href":"https:\/\/estorilboavista.com\/pt-pt\/wp-json\/wp\/v2\/pages\/5656\/revisions"}],"wp:attachment":[{"href":"https:\/\/estorilboavista.com\/pt-pt\/wp-json\/wp\/v2\/media?parent=5656"}],"curies":[{"name":"wp","href":"https:\/\/api.w.org\/{rel}","templated":true}]}}